{"id":92,"date":"2024-07-06T00:00:47","date_gmt":"2024-07-05T22:00:47","guid":{"rendered":"https:\/\/wp-test2.infopro-gmbh.de\/?page_id=92"},"modified":"2025-01-15T17:41:28","modified_gmt":"2025-01-15T16:41:28","slug":"impressum","status":"publish","type":"page","link":"https:\/\/www.infopro-gmbh.de\/?page_id=92","title":{"rendered":"Impressum"},"content":{"rendered":"\n<div class=\"wp-block-uagb-container uagb-block-9fe023e4 alignfull uagb-is-root-container\"><div class=\"uagb-container-inner-blocks-wrap\">\n<h1 class=\"wp-block-heading has-ast-global-color-4-color has-text-color has-link-color wp-elements-58fab20cde50eed08509d5ba5912a0bb\">Impressum<\/h1>\n<\/div><\/div>\n\n\n\n<p><strong>Herausgegeben von<\/strong><\/p>\n\n\n\n<p>Information Professionals GmbH<br>S\u00e4gewerkstra\u00dfe 3 <br>83395 Freilassing<br>Deutschland<\/p>\n\n\n\n<p><strong>Vertretungsberechtigte:<\/strong><br>John Thompson, Susanne Schnitzer<\/p>\n\n\n\n<p><strong>Handelsregister:<\/strong><br>Traunstein, HRB 13398<\/p>\n\n\n\n<p><strong>Umsatzsteuer-Identifikationsnummer<\/strong> gem\u00e4\u00df \u00a727 a Umsatzsteuergesetz<strong>:<\/strong><br>DE213535810<\/p>\n\n\n\n<p><strong>Kontakt:<\/strong><br>Telefon: +49 (0) 86 54 \/ 77 63 420<br>E-Mail:\u00a0\u00a0 say_hello ((a t)) infopro-gmbh.de<\/p>\n\n\n\n<p><strong>Angaben zur Berufshaftpflichtversicherung:<br><\/strong>Name und Sitz der Gesellschaft:&nbsp;Hiscox SA, Arnulfstra\u00dfe 31, 80636 M\u00fcnchen&nbsp;<br>R\u00e4umlicher Geltungsbereich der Versicherung: weltweit<\/p>\n\n\n\n<p><strong>Dieses Impressum gilt auch f\u00fcr folgende Social Media-Profile:<br><\/strong>XING:<br><a href=\"https:\/\/www.xing.com\/profile\/Susanne_Schnitzer\" target=\"_blank\" rel=\"noreferrer noopener\">Susanne Schnitzer<\/a><br><a href=\"https:\/\/www.xing.com\/profile\/John_Thompson6\" target=\"_blank\" rel=\"noreferrer noopener\">John Thompson<\/a><\/p>\n\n\n\n<p>LinkedIN:<br><a href=\"https:\/\/www.linkedin.com\/company\/3015676\" target=\"_blank\" rel=\"noreferrer noopener\">Information Professionals GmbH<\/a><br><a href=\"https:\/\/de.linkedin.com\/in\/sschnitzer\" target=\"_blank\" rel=\"noreferrer noopener\">Susanne Schnitzer<\/a><br><a href=\"https:\/\/de.linkedin.com\/pub\/john-thompson\/4\/a7b\/a66\/de\" target=\"_blank\" rel=\"noreferrer noopener\">John Thompson<\/a><\/p>\n\n\n\n<p><strong>Urheberrechte<\/strong><\/p>\n\n\n\n<p>S\u00e4mtliche auf unserer Webseite ver\u00f6ffentlichten Informationen (Text- und Bildmaterialien, Musik, Grafiken, Animationen, Videos etc.) und deren Anordnung auf der Webseite unterliegen dem deutschen Urheberrecht. Die Vervielf\u00e4ltigung, Bearbeitung,&nbsp;Verbreitung, Wieder- und Weitergabe und sonstige Nutzung ist ohne die vorherige schriftliche Genehmigung der Information Professionals GmbH. Die auf unseren Webseiten verwendeten Markenzeichen genie\u00dfen markenrechtlichen Schutz. Dies gilt insbesondere auch f\u00fcr die Bezeichnungen unserer Produkte und Dienstleistungen.<\/p>\n\n\n\n<p>Soweit die Inhalte auf dieser Seite nicht vom Betreiber erstellt wurden, werden die Urheberrechte Dritter beachtet. Insbesondere werden Inhalte Dritter als solche gekennzeichnet. Bei Bekanntwerden von Urheberrechtsverletzungen werden wir derartige Inhalte umgehend entfernen.<\/p>\n\n\n\n<p>Ein Hyperlink auf die Website der Information Professionals GmbH darf nur nach Erteilung einer vorherigen Einwilligung durch unser Unternehmen eingerichtet werden. Bitte nehmen Sie dazu schriftlich Kontakt mit uns auf.<\/p>\n\n\n\n<p><strong>Bildnachweise<\/strong><\/p>\n\n\n\n<p>Einige unserer Abbildungen basieren auf folgenden Fotografien und Bildern:<\/p>\n\n\n\n<ul class=\"wp-block-list\">\n<li>Titelseite\/Banner \u2013 Green Rope, Photo by <a href=\"https:\/\/unsplash.com\/photos\/BW0vK-FA3eg\" target=\"_blank\" rel=\"noreferrer noopener\">Clint Adair<\/a> on <a href=\"https:\/\/unsplash.com\/search\/photos\/office?utm_source=unsplash&amp;utm_medium=referral&amp;utm_content=creditCopyText\">Unsplash<\/a><\/li>\n\n\n\n<li>Kontakt, Impressum, Datenschutz \u2013 Colorful Bookcase, Photo by <a href=\"https:\/\/unsplash.com\/photos\/8EzNkvLQosk\" target=\"_blank\" rel=\"noreferrer noopener\">Maarten van den Heuvel<\/a> on <a href=\"https:\/\/unsplash.com\/?utm_source=unsplash&amp;utm_medium=referral&amp;utm_content=creditCopyText\">Unsplash<\/a><\/li>\n\n\n\n<li>glaas Advanced Analytics Suite\/Banner \u2013 Macro of a Silicon Wafer,&nbsp;Photo by <a href=\"https:\/\/unsplash.com\/photos\/nIEHqGSymRU\" target=\"_blank\" rel=\"noreferrer noopener\">Laura Ockel<\/a> on <a href=\"https:\/\/unsplash.com\/search\/photos\/office?utm_source=unsplash&amp;utm_medium=referral&amp;utm_content=creditCopyText\">Unsplash<\/a><\/li>\n\n\n\n<li>Advanced Analytics Solutions\/Banner \u2013 Drops on the Leaf, Photo by <a href=\"https:\/\/unsplash.com\/photos\/oiNeSYpU7H4\" target=\"_blank\" rel=\"noreferrer noopener\">Evgeni Tcherkasski<\/a> on <a href=\"https:\/\/unsplash.com\/?utm_source=unsplash&amp;utm_medium=referral&amp;utm_content=creditCopyText\">Unsplash<\/a><\/li>\n\n\n\n<li>Titelseite\/DLD25 \u2013 Foto von <a href=\"https:\/\/unsplash.com\/de\/@jankolar?utm_content=creditCopyText&amp;utm_medium=referral&amp;utm_source=unsplash\">Jan Antonin Kolar<\/a> auf <a href=\"https:\/\/unsplash.com\/de\/fotos\/luftaufnahme-des-grunen-und-braunen-basketballplatzes-tagsuber-O3OIWMYbGQU?utm_content=creditCopyText&amp;utm_medium=referral&amp;utm_source=unsplash\">Unsplash<\/a><\/li>\n<\/ul>\n\n\n\n<p>Alle weiteren Abbildungen: Copyright Information Professionals GmbH oder Lizenziert von Information Professionals GmbH<\/p>\n\n\n\n<p><strong>Nutzung von Angaben auf dieser Homepage<\/strong><\/p>\n\n\n\n<p>Wir wiedersprechen einer Nutzung unserer im Rahmen der Impressumspflicht ver\u00f6ffentlichten Kontaktdaten durch Dritte. Eine \u00dcbersendung von nicht ausdr\u00fccklich angeforderter Werbung und Informationsmaterialien wird nicht gew\u00fcnscht. Im Falle der unverlangten Zusendung von Werbeinformationen behalten wir uns rechtliche Schritte vor.<\/p>\n\n\n\n<p><strong>Haftungsbeschr\u00e4nkung f\u00fcr Inhalte<\/strong><\/p>\n\n\n\n<p>Wir haben unsere Webseiten mit gr\u00f6\u00dfter Sorgfalt erstellt und pr\u00fcfen und aktualisieren die Informationen st\u00e4ndig. Trotz aller Sorgfalt k\u00f6nnen sich die Daten inzwischen ver\u00e4ndert haben. Eine Haftung oder Garantie f\u00fcr die Aktualit\u00e4t, Richtigkeit und Vollst\u00e4ndigkeit der zur Verf\u00fcgung gestellten Informationen kann daher nicht \u00fcbernommen werden. Wir haften nicht f\u00fcr Sch\u00e4den, die direkt oder indirekt aus der Benutzung unserer Webseiten entstehen, soweit diese nicht auf Vorsatz oder grober Fahrl\u00e4ssigkeit der Information Professionals GmbH beruhen.<\/p>\n\n\n\n<p>Wir behalten uns das Recht vor, \u00c4nderungen oder Erg\u00e4nzungen der bereitgestellten Informationen vorzunehmen.<\/p>\n\n\n\n<p><strong>Haftungsbeschr\u00e4nkung f\u00fcr Links<\/strong><\/p>\n\n\n\n<p>Unsere Webseite enth\u00e4lt Hyperlinks zu zu externen Webseiten Dritter, auf deren Inhalte wir keinen Einfluss haben. F\u00fcr die Inhalte der verlinkten Seiten ist ausschlie\u00dflich deren Betreiber verantwortlich. Die Information Professionals GmbH ist nicht verantwortlich f\u00fcr die Einhaltung von Datenschutzbestimmungen auf diesen Webseiten und \u00fcbernimmt keinerlei Gew\u00e4hr f\u00fcr&nbsp;deren Inhalt oder f\u00fcr m\u00f6gliche Rechtsverst\u00f6\u00dfe auf diesen Seiten.<\/p>\n","protected":false},"excerpt":{"rendered":"<p>Impressum Herausgegeben von Information Professionals GmbHS\u00e4gewerkstra\u00dfe 3 83395 FreilassingDeutschland Vertretungsberechtigte:John Thompson, Susanne Schnitzer Handelsregister:Traunstein, HRB 13398 Umsatzsteuer-Identifikationsnummer gem\u00e4\u00df \u00a727 a [&hellip;]<\/p>\n","protected":false},"author":1,"featured_media":0,"parent":0,"menu_order":0,"comment_status":"closed","ping_status":"closed","template":"","meta":{"_uag_custom_page_level_css":"","site-sidebar-layout":"default","site-content-layout":"","ast-site-content-layout":"default","site-content-style":"default","site-sidebar-style":"default","ast-global-header-display":"","ast-banner-title-visibility":"","ast-main-header-display":"","ast-hfb-above-header-display":"","ast-hfb-below-header-display":"","ast-hfb-mobile-header-display":"","site-post-title":"disabled","ast-breadcrumbs-content":"","ast-featured-img":"","footer-sml-layout":"","ast-disable-related-posts":"","theme-transparent-header-meta":"","adv-header-id-meta":"","stick-header-meta":"","header-above-stick-meta":"","header-main-stick-meta":"","header-below-stick-meta":"","astra-migrate-meta-layouts":"default","ast-page-background-enabled":"default","ast-page-background-meta":{"desktop":{"background-color":"var(--ast-global-color-4)","background-image":"","background-repeat":"repeat","background-position":"center center","background-size":"auto","background-attachment":"scroll","background-type":"","background-media":"","overlay-type":"","overlay-color":"","overlay-opacity":"","overlay-gradient":""},"tablet":{"background-color":"","background-image":"","background-repeat":"repeat","background-position":"center center","background-size":"auto","background-attachment":"scroll","background-type":"","background-media":"","overlay-type":"","overlay-color":"","overlay-opacity":"","overlay-gradient":""},"mobile":{"background-color":"","background-image":"","background-repeat":"repeat","background-position":"center center","background-size":"auto","background-attachment":"scroll","background-type":"","background-media":"","overlay-type":"","overlay-color":"","overlay-opacity":"","overlay-gradient":""}},"ast-content-background-meta":{"desktop":{"background-color":"var(--ast-global-color-5)","background-image":"","background-repeat":"repeat","background-position":"center center","background-size":"auto","background-attachment":"scroll","background-type":"","background-media":"","overlay-type":"","overlay-color":"","overlay-opacity":"","overlay-gradient":""},"tablet":{"background-color":"var(--ast-global-color-5)","background-image":"","background-repeat":"repeat","background-position":"center center","background-size":"auto","background-attachment":"scroll","background-type":"","background-media":"","overlay-type":"","overlay-color":"","overlay-opacity":"","overlay-gradient":""},"mobile":{"background-color":"var(--ast-global-color-5)","background-image":"","background-repeat":"repeat","background-position":"center center","background-size":"auto","background-attachment":"scroll","background-type":"","background-media":"","overlay-type":"","overlay-color":"","overlay-opacity":"","overlay-gradient":""}},"footnotes":""},"categories":[1],"tags":[],"class_list":["post-92","page","type-page","status-publish","hentry","category-allgemein"],"uagb_featured_image_src":{"full":false,"thumbnail":false,"medium":false,"medium_large":false,"large":false,"1536x1536":false,"2048x2048":false},"uagb_author_info":{"display_name":"infopro-WP-Admin","author_link":"https:\/\/www.infopro-gmbh.de\/?author=1"},"uagb_comment_info":0,"uagb_excerpt":"Impressum Herausgegeben von Information Professionals GmbHS\u00e4gewerkstra\u00dfe 3 83395 FreilassingDeutschland Vertretungsberechtigte:John Thompson, Susanne Schnitzer Handelsregister:Traunstein, HRB 13398 Umsatzsteuer-Identifikationsnummer gem\u00e4\u00df \u00a727 a [&hellip;]","_links":{"self":[{"href":"https:\/\/www.infopro-gmbh.de\/index.php?rest_route=\/wp\/v2\/pages\/92","targetHints":{"allow":["GET"]}}],"collection":[{"href":"https:\/\/www.infopro-gmbh.de\/index.php?rest_route=\/wp\/v2\/pages"}],"about":[{"href":"https:\/\/www.infopro-gmbh.de\/index.php?rest_route=\/wp\/v2\/types\/page"}],"author":[{"embeddable":true,"href":"https:\/\/www.infopro-gmbh.de\/index.php?rest_route=\/wp\/v2\/users\/1"}],"replies":[{"embeddable":true,"href":"https:\/\/www.infopro-gmbh.de\/index.php?rest_route=%2Fwp%2Fv2%2Fcomments&post=92"}],"version-history":[{"count":0,"href":"https:\/\/www.infopro-gmbh.de\/index.php?rest_route=\/wp\/v2\/pages\/92\/revisions"}],"wp:attachment":[{"href":"https:\/\/www.infopro-gmbh.de\/index.php?rest_route=%2Fwp%2Fv2%2Fmedia&parent=92"}],"wp:term":[{"taxonomy":"category","embeddable":true,"href":"https:\/\/www.infopro-gmbh.de\/index.php?rest_route=%2Fwp%2Fv2%2Fcategories&post=92"},{"taxonomy":"post_tag","embeddable":true,"href":"https:\/\/www.infopro-gmbh.de\/index.php?rest_route=%2Fwp%2Fv2%2Ftags&post=92"}],"curies":[{"name":"wp","href":"https:\/\/api.w.org\/{rel}","templated":true}]}}