{"id":654,"date":"2024-07-11T11:03:35","date_gmt":"2024-07-11T09:03:35","guid":{"rendered":"https:\/\/wp-test2.infopro-gmbh.de\/?page_id=654"},"modified":"2024-10-14T17:22:55","modified_gmt":"2024-10-14T15:22:55","slug":"advanced-analytics-solutions-2","status":"publish","type":"page","link":"https:\/\/www.infopro-gmbh.de\/?page_id=654","title":{"rendered":"Advanced Analytics Solutions"},"content":{"rendered":"\n<div id=\"top\" class=\"wp-block-uagb-container uagb-block-9fe023e4 alignfull uagb-is-root-container\"><div class=\"uagb-container-inner-blocks-wrap\">\n<div class=\"wp-block-uagb-advanced-heading uagb-block-8129381f\"><h1 class=\"uagb-heading-text\">Advanced Analytics Solutions<\/h1><p class=\"uagb-desc-text\">Bew\u00e4hrtes Know How f\u00fcr Ihre KI-L\u00f6sungen \u2026<\/p><\/div>\n<\/div><\/div>\n\n\n\n<div id=\"Innovation\" class=\"wp-block-group is-content-justification-center is-nowrap is-layout-flex wp-container-core-group-is-layout-487d5e08 wp-block-group-is-layout-flex\" style=\"margin-top:0;margin-bottom:0;padding-top:0;padding-right:0;padding-bottom:0;padding-left:0\">\n<p style=\"line-height:1.5\"><a href=\"https:\/\/infopro-gmbh.de\/?page_id=654#Innovation\" data-type=\"page\" data-id=\"654\">Innovation<\/a><\/p>\n\n\n\n<p><a href=\"https:\/\/infopro-gmbh.de\/?page_id=654#Expertise\">Expertise<\/a><\/p>\n\n\n\n<p><a href=\"https:\/\/infopro-gmbh.de\/?page_id=654#Erfahrung\">Erfahrung<\/a><\/p>\n\n\n\n<p><a href=\"https:\/\/infopro-gmbh.de\/?page_id=654#IT-Strategie\">IT-Strategie<\/a><\/p>\n\n\n\n<p><a href=\"https:\/\/infopro-gmbh.de\/?page_id=654#glaas\">glaas Analytics Suite<\/a><\/p>\n\n\n\n<p><a href=\"https:\/\/infopro-gmbh.de\/?page_id=654#Kooperation\" data-type=\"page\" data-id=\"654\">Kooperation<\/a><\/p>\n<\/div>\n\n\n\n<div id=\"Innovation\" class=\"wp-block-uagb-container uagb-block-da7d6fe9 alignfull uagb-is-root-container\"><div class=\"uagb-container-inner-blocks-wrap\">\n<div class=\"wp-block-uagb-container uagb-block-bc4a41a1\">\n<div class=\"wp-block-uagb-image aligncenter uagb-block-e1c256cf wp-block-uagb-image--layout-default wp-block-uagb-image--effect-static wp-block-uagb-image--align-center\"><figure class=\"wp-block-uagb-image__figure\"><img decoding=\"async\" srcset=\"https:\/\/infopro-gmbh.de\/wp-content\/uploads\/2024\/07\/INNOVATION.png ,https:\/\/infopro-gmbh.de\/wp-content\/uploads\/2024\/07\/INNOVATION.png 780w, https:\/\/infopro-gmbh.de\/wp-content\/uploads\/2024\/07\/INNOVATION.png 360w\" sizes=\"auto, (max-width: 480px) 150px\" src=\"https:\/\/infopro-gmbh.de\/wp-content\/uploads\/2024\/07\/INNOVATION.png\" alt=\"\" class=\"uag-image-506\" width=\"180\" height=\"256\" title=\"INNOVATION\" loading=\"lazy\" role=\"img\"\/><\/figure><\/div>\n<\/div>\n\n\n\n<div class=\"wp-block-uagb-container uagb-block-e2029f05\">\n<div class=\"wp-block-uagb-advanced-heading uagb-block-574c9440\"><h4 class=\"uagb-heading-text\">&#8230; weil wir fachlich vorne dabei sind<\/h4><\/div>\n\n\n\n<div class=\"wp-block-uagb-advanced-heading uagb-block-e30c052d\"><h3 class=\"uagb-heading-text\">INNOVATION<\/h3><\/div>\n\n\n\n<p style=\"padding-top:0;padding-bottom:0\">Den Mega-Trend Data Science haben wir bereits 2012 in unser Portfolio aufgenommen. Seither konnten wir profunde Expertise mit Big Data und K\u00fcnstlicher Intelligenz aufbauen und stetig erweitern. Gemeinsam mit unseren Kunden haben wir vielf\u00e4ltige Erfahrung mit individuellen L\u00f6sungen f\u00fcr Analysen und Prognosen gesammelt.<\/p>\n\n\n\n<p style=\"padding-top:0;padding-bottom:0\">Durch unsere enge Zusammenarbeit mit Hochschulen, Forschungseinrichtungen und Spezialisten sind wir immer auf einem aktuellen Stand der schnell fortschreitenden Technologie. So sind wir auch als Mitveranstalter von Fachkonferenzen und international als Referenten gefragt. Unser fachliches Netzwerk erstreckt sich \u00fcber Europa hinaus bis ins Silicon Valley.<\/p>\n\n\n\n<p style=\"padding-top:0;padding-bottom:0\">Wir arbeiten eng mit spezialisierten Partnern zusammen und k\u00f6nnen so vielf\u00e4ltigste Anforderungen flexibel abdecken.<\/p>\n<\/div>\n<\/div><\/div>\n\n\n\n<div id=\"Expertise\" class=\"wp-block-uagb-container uagb-block-3049e222 alignfull uagb-is-root-container\"><div class=\"uagb-container-inner-blocks-wrap\">\n<div class=\"wp-block-uagb-container uagb-block-5922a725\">\n<div class=\"wp-block-uagb-image aligncenter uagb-block-673e2f57 wp-block-uagb-image--layout-default wp-block-uagb-image--effect-static wp-block-uagb-image--align-center\"><figure class=\"wp-block-uagb-image__figure\"><img decoding=\"async\" srcset=\"https:\/\/infopro-gmbh.de\/wp-content\/uploads\/2024\/07\/DATA-ANALYTICS.png ,https:\/\/infopro-gmbh.de\/wp-content\/uploads\/2024\/07\/DATA-ANALYTICS.png 780w, https:\/\/infopro-gmbh.de\/wp-content\/uploads\/2024\/07\/DATA-ANALYTICS.png 360w\" sizes=\"auto, (max-width: 480px) 150px\" src=\"https:\/\/infopro-gmbh.de\/wp-content\/uploads\/2024\/07\/DATA-ANALYTICS.png\" alt=\"\" class=\"uag-image-610\" width=\"180\" height=\"256\" title=\"DATA ANALYTICS\" loading=\"lazy\" role=\"img\"\/><\/figure><\/div>\n<\/div>\n\n\n\n<div class=\"wp-block-uagb-container uagb-block-c9f6d971\">\n<div class=\"wp-block-uagb-advanced-heading uagb-block-f08f1e29\"><h4 class=\"uagb-heading-text\">&#8230; weil wir in der Welt der KI zuhause sind<\/h4><\/div>\n\n\n\n<div class=\"wp-block-uagb-advanced-heading uagb-block-fd5b2c95\"><h3 class=\"uagb-heading-text\">EXPERTISE<\/h3><\/div>\n\n\n\n<p>Als regional f\u00fchrender Anbieter von Advanced Analytics-L\u00f6sungen sind wir gleicherma\u00dfen Experten f\u00fcr analytische KI und f\u00fcr generative KI:<\/p>\n\n\n\n<ul class=\"wp-block-list\">\n<li>Mit <strong>Machine Learning<\/strong> und <strong>Data Mining<\/strong> setzen wir dort an, wo herk\u00f6mmliche Analyse-Methoden an ihre Grenzen sto\u00dfen.<\/li>\n\n\n\n<li><strong>Generative KI-Verfahren<\/strong> mit Large Language Modellen (LLM), wo n\u00f6tig erg\u00e4nzt durch Retrieval-Augmented Generation (RAG), setzen wir individuell um.<\/li>\n<\/ul>\n\n\n\n<p>Komplexe Datenaufbereitung, Big Data, die Wahl der Analysemethoden und Technologien, Deployment und Betrieb, Nachvollziehbarkeit und die Integration in bestehende Umgebungen sind Herausforderungen, denen wir mit unseren L\u00f6sungen erfolgreich begegnen.<\/p>\n\n\n\n<p>Darin verf\u00fcgen wir \u00fcber jahrelange Erfahrung&nbsp;\u2013 unsere Kraftstoffpreisprognosen wurden bereits auf der IFA 2015 mit dem HUMAN Telematic Award ausgezeichnet.<\/p>\n<\/div>\n<\/div><\/div>\n\n\n\n<div id=\"Erfahrung\" class=\"wp-block-uagb-container uagb-block-0bb51a6b alignfull uagb-is-root-container\"><div class=\"uagb-container-inner-blocks-wrap\">\n<div class=\"wp-block-uagb-container uagb-block-f6d8946d\">\n<div class=\"wp-block-uagb-image aligncenter uagb-block-e7dbd6d4 wp-block-uagb-image--layout-default wp-block-uagb-image--effect-static wp-block-uagb-image--align-center\"><figure class=\"wp-block-uagb-image__figure\"><img decoding=\"async\" srcset=\"https:\/\/infopro-gmbh.de\/wp-content\/uploads\/2024\/07\/ERFAHRUNG.png ,https:\/\/infopro-gmbh.de\/wp-content\/uploads\/2024\/07\/ERFAHRUNG.png 780w, https:\/\/infopro-gmbh.de\/wp-content\/uploads\/2024\/07\/ERFAHRUNG.png 360w\" sizes=\"auto, (max-width: 480px) 150px\" src=\"https:\/\/infopro-gmbh.de\/wp-content\/uploads\/2024\/07\/ERFAHRUNG.png\" alt=\"\" class=\"uag-image-504\" width=\"180\" height=\"256\" title=\"ERFAHRUNG\" loading=\"lazy\" role=\"img\"\/><\/figure><\/div>\n<\/div>\n\n\n\n<div class=\"wp-block-uagb-container uagb-block-735b0bff\">\n<div class=\"wp-block-uagb-advanced-heading uagb-block-b4c3faba\"><h4 class=\"uagb-heading-text\">&#8230; weil wir verstehen, worauf es ankommt<\/h4><\/div>\n\n\n\n<div class=\"wp-block-uagb-advanced-heading uagb-block-f2d08df1\"><h3 class=\"uagb-heading-text\">ERFAHRUNG<\/h3><\/div>\n\n\n\n<p>Durch unsere langj\u00e4hrige T\u00e4tigkeit in der IT- und Organisationsberatung sind wir daran gew\u00f6hnt, uns rasch in Business Cases, Produkte und Prozesse verschiedenster Branchen hinein zu denken und sie schnell zu verstehen. Diese F\u00e4higkeit setzen wir auch f\u00fcr KI-basierte Prognosen, Entscheidungshilfen und Handlungsempfehlungen ein. Im Dialog mit den Fachexperten unserer Kunden gelingt es uns so, wirkungsvolle Verfahren und Modelle zu implementieren.<\/p>\n\n\n\n<p>Viele Kunden vertrauen uns schon seit \u00fcber einem Jahrzehnt. So haben wir eine beeindruckende Sammlung von effektiven L\u00f6sungen konzeptionell begleiten und inhaltlich umsetzen d\u00fcrfen.<\/p>\n\n\n\n<p>Einige Beispiele f\u00fcr unsere Advanced Analytics-L\u00f6sungen:<\/p>\n\n\n\n<ul class=\"wp-block-list\">\n<li><strong>Qualit\u00e4tsprognosen <\/strong>zur Optimierung von Fertigungsprozessen<\/li>\n\n\n\n<li>Vorhersage von <strong>Serviceaufwand<\/strong> zur Disposition von Ersatzteilen und als Input f\u00fcr das Produktdesign<\/li>\n\n\n\n<li><strong>Customer Churn Prognosen<\/strong> in der Industrie zur Steuerung vertrieblicher Aktivit\u00e4ten zur Kundenbindung<\/li>\n\n\n\n<li><strong>Besucherzahlprognosen<\/strong> f\u00fcr die Mitarbeitereinsatzplanung in Freizeiteinrichtungen<\/li>\n\n\n\n<li><strong>Kraftstoffpreis-Prognosen<\/strong> f\u00fcr deutsche Tankstellen \u2014 auf der IFA 2015 mit dem <a href=\"https:\/\/infopro-gmbh.de\/index.php\/erfahrungen?view=article&amp;id=53:advanced-data-products-human-telematik-award-2015&amp;catid=22:infopro-extras\">Human Telematic Award<\/a> ausgezeichnet<\/li>\n\n\n\n<li>Prognosen von Maschinen- und Anlagenst\u00f6rungen f\u00fcr <strong>Predictive Maintenance<\/strong><\/li>\n\n\n\n<li><strong>Dynamische Preisbildung<\/strong> f\u00fcr Eintritte in Freizeiteinrichtungen<\/li>\n\n\n\n<li><strong>Verhaltensbasierte Absatzprognosen<\/strong> zur Optimierung der Produktionsplanung und Warenverf\u00fcgbarkeit<\/li>\n\n\n\n<li><strong>Optimierung von Lagerbest\u00e4nden<\/strong> und von <strong>Ein- und Auslagerungsstrategien<\/strong><\/li>\n\n\n\n<li><strong>Energiebilanz-Analysen<\/strong> f\u00fcr Kraftwerksteuerungen<\/li>\n\n\n\n<li><strong>Warenkorbanalyse <\/strong>zur Entwicklung von Marktstrategien<\/li>\n\n\n\n<li><strong>Digitaler Zwilling<\/strong> zur Steuerung und Simulation von Anlagen<\/li>\n\n\n\n<li><strong>Predictive Maintenance<\/strong> zur Kostensenkung in der Wartung von Anlagen, Maschinen oder Fahrzeugen<\/li>\n<\/ul>\n<\/div>\n<\/div><\/div>\n\n\n\n<div id=\"IT-Strategie\" class=\"wp-block-uagb-container uagb-block-cb2141de alignfull uagb-is-root-container\"><div class=\"uagb-container-inner-blocks-wrap\">\n<div class=\"wp-block-uagb-container uagb-block-32013914\">\n<div class=\"wp-block-uagb-image aligncenter uagb-block-4a3f5483 wp-block-uagb-image--layout-default wp-block-uagb-image--effect-static wp-block-uagb-image--align-center\"><figure class=\"wp-block-uagb-image__figure\"><img decoding=\"async\" srcset=\"https:\/\/infopro-gmbh.de\/wp-content\/uploads\/2024\/07\/IT-STRATEGIE.png ,https:\/\/infopro-gmbh.de\/wp-content\/uploads\/2024\/07\/IT-STRATEGIE.png 780w, https:\/\/infopro-gmbh.de\/wp-content\/uploads\/2024\/07\/IT-STRATEGIE.png 360w\" sizes=\"auto, (max-width: 480px) 150px\" src=\"https:\/\/infopro-gmbh.de\/wp-content\/uploads\/2024\/07\/IT-STRATEGIE.png\" alt=\"\" class=\"uag-image-508\" width=\"180\" height=\"256\" title=\"IT-STRATEGIE\" loading=\"lazy\" role=\"img\"\/><\/figure><\/div>\n<\/div>\n\n\n\n<div class=\"wp-block-uagb-container uagb-block-a9cd2e74\">\n<div class=\"wp-block-uagb-advanced-heading uagb-block-91983ade\"><h4 class=\"uagb-heading-text\">&#8230; weil wir die IT-Umgebung einbeziehen<\/h4><\/div>\n\n\n\n<div class=\"wp-block-uagb-advanced-heading uagb-block-9445827c\"><h3 class=\"uagb-heading-text\">IT-STRATEGIE<\/h3><\/div>\n\n\n\n<p>Erfolgreiche KI-Applikationen setzen eine passende IT-Strategie voraus. Falls an dieser Stelle noch Vorarbeit zu leisten ist, bringen wir die notwendige Erfahrung und Kompetenz daf\u00fcr mit. Wir achten darauf, dass Infrastruktur, Architektur und die Organisation f\u00fcr die Zukunft ger\u00fcstet sind. Und wir sorgen f\u00fcr die reibungslose Integration von Data Analytics und KI in die vorhandene IT-Umgebung, sei es auf lokaler oder auf Cloud-Infrastruktur. Das Entstehen von Insell\u00f6sungen und Herstellerabh\u00e4ngigkeiten m\u00f6chten wir dabei im Sinne unserer Kunden soweit wie m\u00f6glich vermeiden.<\/p>\n\n\n\n<p>Wir leiten seit 2010 eine Peergroup von CIOs regionaler Unternehmen. Durch diesen regelm\u00e4\u00dfigen Erfahrungsaustausch auf Management-Ebene sind uns aktuelle IT-Herausforderungen bestens bekannt.<\/p>\n<\/div>\n<\/div><\/div>\n\n\n\n<div id=\"glaas\" class=\"wp-block-uagb-container uagb-block-766a69dd alignfull uagb-is-root-container\"><div class=\"uagb-container-inner-blocks-wrap\">\n<div class=\"wp-block-uagb-container uagb-block-e76c335a\">\n<div class=\"wp-block-uagb-image aligncenter uagb-block-a3a19099 wp-block-uagb-image--layout-default wp-block-uagb-image--effect-static wp-block-uagb-image--align-center\"><figure class=\"wp-block-uagb-image__figure\"><img decoding=\"async\" srcset=\"https:\/\/infopro-gmbh.de\/wp-content\/uploads\/2024\/07\/SOFTWARE.png ,https:\/\/infopro-gmbh.de\/wp-content\/uploads\/2024\/07\/SOFTWARE.png 780w, https:\/\/infopro-gmbh.de\/wp-content\/uploads\/2024\/07\/SOFTWARE.png 360w\" sizes=\"auto, (max-width: 480px) 150px\" src=\"https:\/\/infopro-gmbh.de\/wp-content\/uploads\/2024\/07\/SOFTWARE.png\" alt=\"\" class=\"uag-image-500\" width=\"180\" height=\"256\" title=\"SOFTWARE\" loading=\"lazy\" role=\"img\"\/><\/figure><\/div>\n<\/div>\n\n\n\n<div class=\"wp-block-uagb-container uagb-block-692a8738\">\n<div class=\"wp-block-uagb-advanced-heading uagb-block-b01a6ea4\"><h4 class=\"uagb-heading-text\">&#8230; weil wir eine besondere Software-Basis einsetzen<\/h4><\/div>\n\n\n\n<div class=\"wp-block-uagb-advanced-heading uagb-block-1f2aeeee\"><h3 class=\"uagb-heading-text\">glaas ANALYTICS SUITE<\/h3><\/div>\n\n\n\n<p>Analytics-L\u00f6sungen sind fundamental anders als herk\u00f6mmliche Software-Applikationen. Sie nehmen gro\u00dfe Datenmengen auf und erzeugen nur wenig. Sie sind nur in Ausnahmenf\u00e4llen massiv skalierbar. Und trotz vieler Unterschiede im Detail \u00e4hneln sich die Architekturen solcher L\u00f6sungen sehr stark. Unsere selbst entwickelte, quelloffene Analyseplattform glaas ist unsere Antwort auf diese Eigenschaften.<\/p>\n\n\n\n<p><strong>glaas<\/strong> automatisiert, standardisiert und vereinfacht die Implementierung und das Deployment von KI-L\u00f6sungen. Die Bereitstellung ma\u00dfgeschneiderter Analyse-Anwendungen wird dadurch mit glaas unkompliziert.<\/p>\n\n\n\n<p><strong>glaas<\/strong> ist nicht nur eine optimale Basis f\u00fcr die Entwicklung und das Deployment von KI-L\u00f6sungen, es l\u00e4sst sich einfach in die Unternehmens-IT integrieren und l\u00e4uft schlank auf beinahe jeder Systemumgebung. Von gro\u00dfen Serveranlagen bis hin zum Raspberry PI \u00ae. Die komfortable API erm\u00f6glicht es, beliebige Anwendungen lokal zu implementieren, zu integrieren und zu steuern. Die Bandbreite reicht von verschiedenen individuellen und vorgefertigten KI-Applikationen wie z.B. Large Language Modellen (LLM) und Generative Pre-trained Transformern (GPT) hin zu verschiedenen Unternehmensanwendungen und Datenbanksystemen, die die Datenbasis f\u00fcr die KI liefern.<\/p>\n<\/div>\n<\/div><\/div>\n\n\n\n<div id=\"Kooperation\" class=\"wp-block-uagb-container uagb-block-7d734ec7 alignfull uagb-is-root-container\"><div class=\"uagb-container-inner-blocks-wrap\">\n<div class=\"wp-block-uagb-container uagb-block-091eafd9\">\n<div class=\"wp-block-uagb-image aligncenter uagb-block-ba1310a0 wp-block-uagb-image--layout-default wp-block-uagb-image--effect-static wp-block-uagb-image--align-center\"><figure class=\"wp-block-uagb-image__figure\"><img decoding=\"async\" srcset=\"https:\/\/infopro-gmbh.de\/wp-content\/uploads\/2024\/07\/PARTNER.png ,https:\/\/infopro-gmbh.de\/wp-content\/uploads\/2024\/07\/PARTNER.png 780w, https:\/\/infopro-gmbh.de\/wp-content\/uploads\/2024\/07\/PARTNER.png 360w\" sizes=\"auto, (max-width: 480px) 150px\" src=\"https:\/\/infopro-gmbh.de\/wp-content\/uploads\/2024\/07\/PARTNER.png\" alt=\"\" class=\"uag-image-510\" width=\"180\" height=\"178\" title=\"KOOPERATION\" loading=\"lazy\" role=\"img\"\/><\/figure><\/div>\n<\/div>\n\n\n\n<div class=\"wp-block-uagb-container uagb-block-0c80784b\">\n<div class=\"wp-block-uagb-advanced-heading uagb-block-342aa38f\"><h4 class=\"uagb-heading-text\">&#8230; weil wir starke Partner haben<\/h4><\/div>\n\n\n\n<div class=\"wp-block-uagb-advanced-heading uagb-block-a40b3da9\"><h3 class=\"uagb-heading-text\">KOOPERATION<\/h3><\/div>\n\n\n\n<p>Wir k\u00f6nnen nicht alles &#8230; deshalb arbeiten wir eng mit einem gro\u00dfen Partnernetzwerk aus IT-Unternehmen und selbst\u00e4ndigen Spezialisten zusammen. Somit k\u00f6nnen wir vielf\u00e4ltige Anforderungen flexibel und mit der gr\u00f6\u00dftm\u00f6glichen Expertise abdecken.<\/p>\n\n\n\n<p>Mit vielen Kooperationspartnern verbindet uns eine jahrelange vertrauensvolle Zusammenarbeit.<\/p>\n<\/div>\n<\/div><\/div>\n\n\n\n<p><\/p>\n","protected":false},"excerpt":{"rendered":"<p>Advanced Analytics Solutions Bew\u00e4hrtes Know How f\u00fcr Ihre KI-L\u00f6sungen \u2026 Innovation Expertise Erfahrung IT-Strategie glaas Analytics Suite Kooperation &#8230; weil [&hellip;]<\/p>\n","protected":false},"author":1,"featured_media":0,"parent":0,"menu_order":0,"comment_status":"closed","ping_status":"closed","template":"","meta":{"_uag_custom_page_level_css":"","site-sidebar-layout":"default","site-content-layout":"","ast-site-content-layout":"default","site-content-style":"default","site-sidebar-style":"default","ast-global-header-display":"","ast-banner-title-visibility":"","ast-main-header-display":"","ast-hfb-above-header-display":"","ast-hfb-below-header-display":"","ast-hfb-mobile-header-display":"","site-post-title":"disabled","ast-breadcrumbs-content":"","ast-featured-img":"","footer-sml-layout":"","ast-disable-related-posts":"","theme-transparent-header-meta":"","adv-header-id-meta":"","stick-header-meta":"","header-above-stick-meta":"","header-main-stick-meta":"","header-below-stick-meta":"","astra-migrate-meta-layouts":"default","ast-page-background-enabled":"default","ast-page-background-meta":{"desktop":{"background-color":"var(--ast-global-color-4)","background-image":"","background-repeat":"repeat","background-position":"center center","background-size":"auto","background-attachment":"scroll","background-type":"","background-media":"","overlay-type":"","overlay-color":"","overlay-opacity":"","overlay-gradient":""},"tablet":{"background-color":"","background-image":"","background-repeat":"repeat","background-position":"center center","background-size":"auto","background-attachment":"scroll","background-type":"","background-media":"","overlay-type":"","overlay-color":"","overlay-opacity":"","overlay-gradient":""},"mobile":{"background-color":"","background-image":"","background-repeat":"repeat","background-position":"center center","background-size":"auto","background-attachment":"scroll","background-type":"","background-media":"","overlay-type":"","overlay-color":"","overlay-opacity":"","overlay-gradient":""}},"ast-content-background-meta":{"desktop":{"background-color":"var(--ast-global-color-5)","background-image":"","background-repeat":"repeat","background-position":"center center","background-size":"auto","background-attachment":"scroll","background-type":"","background-media":"","overlay-type":"","overlay-color":"","overlay-opacity":"","overlay-gradient":""},"tablet":{"background-color":"var(--ast-global-color-5)","background-image":"","background-repeat":"repeat","background-position":"center center","background-size":"auto","background-attachment":"scroll","background-type":"","background-media":"","overlay-type":"","overlay-color":"","overlay-opacity":"","overlay-gradient":""},"mobile":{"background-color":"var(--ast-global-color-5)","background-image":"","background-repeat":"repeat","background-position":"center center","background-size":"auto","background-attachment":"scroll","background-type":"","background-media":"","overlay-type":"","overlay-color":"","overlay-opacity":"","overlay-gradient":""}},"footnotes":""},"categories":[],"tags":[],"class_list":["post-654","page","type-page","status-publish","hentry"],"uagb_featured_image_src":{"full":false,"thumbnail":false,"medium":false,"medium_large":false,"large":false,"1536x1536":false,"2048x2048":false},"uagb_author_info":{"display_name":"infopro-WP-Admin","author_link":"https:\/\/www.infopro-gmbh.de\/?author=1"},"uagb_comment_info":0,"uagb_excerpt":"Advanced Analytics Solutions Bew\u00e4hrtes Know How f\u00fcr Ihre KI-L\u00f6sungen \u2026 Innovation Expertise Erfahrung IT-Strategie glaas Analytics Suite Kooperation &#8230; weil [&hellip;]","_links":{"self":[{"href":"https:\/\/www.infopro-gmbh.de\/index.php?rest_route=\/wp\/v2\/pages\/654","targetHints":{"allow":["GET"]}}],"collection":[{"href":"https:\/\/www.infopro-gmbh.de\/index.php?rest_route=\/wp\/v2\/pages"}],"about":[{"href":"https:\/\/www.infopro-gmbh.de\/index.php?rest_route=\/wp\/v2\/types\/page"}],"author":[{"embeddable":true,"href":"https:\/\/www.infopro-gmbh.de\/index.php?rest_route=\/wp\/v2\/users\/1"}],"replies":[{"embeddable":true,"href":"https:\/\/www.infopro-gmbh.de\/index.php?rest_route=%2Fwp%2Fv2%2Fcomments&post=654"}],"version-history":[{"count":0,"href":"https:\/\/www.infopro-gmbh.de\/index.php?rest_route=\/wp\/v2\/pages\/654\/revisions"}],"wp:attachment":[{"href":"https:\/\/www.infopro-gmbh.de\/index.php?rest_route=%2Fwp%2Fv2%2Fmedia&parent=654"}],"wp:term":[{"taxonomy":"category","embeddable":true,"href":"https:\/\/www.infopro-gmbh.de\/index.php?rest_route=%2Fwp%2Fv2%2Fcategories&post=654"},{"taxonomy":"post_tag","embeddable":true,"href":"https:\/\/www.infopro-gmbh.de\/index.php?rest_route=%2Fwp%2Fv2%2Ftags&post=654"}],"curies":[{"name":"wp","href":"https:\/\/api.w.org\/{rel}","templated":true}]}}