{"id":329,"date":"2024-06-18T14:57:32","date_gmt":"2024-06-18T12:57:32","guid":{"rendered":"https:\/\/wp-test2.infopro-gmbh.de\/?page_id=329"},"modified":"2024-09-26T12:00:03","modified_gmt":"2024-09-26T10:00:03","slug":"cio-kreis","status":"publish","type":"page","link":"https:\/\/www.infopro-gmbh.de\/?page_id=329","title":{"rendered":"CIO-Kreis"},"content":{"rendered":"\n<div class=\"wp-block-uagb-container uagb-block-704a5ed6 alignfull uagb-is-root-container\"><div class=\"uagb-container-inner-blocks-wrap\">\n<div class=\"wp-block-uagb-advanced-heading uagb-block-8129381f\"><h1 class=\"uagb-heading-text\">CIO-Kreis<\/h1><p class=\"uagb-desc-text\">Peergroup f\u00fcr regionale IT-Manager<\/p><\/div>\n<\/div><\/div>\n\n\n\n<p>F\u00fcr CIOs ist der direkte und branchen-\u00fcbergreifende Austausch zu aktuellen IT-Management-Themen eine wichtige Quelle von Know-How und Innovation. Deswegen haben wir 2010 den CIO-Kreis initiiert. IT-Manager und -Entscheider aus Unternehmen der Region S\u00fcdost-Oberbayern, Salzburg und Ober\u00f6sterreich, treffen sich regelm\u00e4\u00dfig zu Gespr\u00e4chsrunden.<\/p>\n\n\n\n<p>Die Treffen finden abwechselnd bei den Mitgliedsunternehmen statt, sodass auch interessante Einblicke in die gastgebenden Unternehmen und deren aktuelle IT-Themen erm\u00f6glicht werden. <\/p>\n\n\n\n<p><strong>Themenschwerpunkte<\/strong> der Gespr\u00e4chsrunden liegen in Bereichen wie<\/p>\n\n\n\n<ul class=\"wp-block-list\">\n<li><strong>Strategie<\/strong>, z.B. Wertbeitrag und Innovationsbeitrag der IT,<\/li>\n\n\n\n<li><strong>Organisation<\/strong>, z.B. Finanzmanagement oder Personalmanagement, und<\/li>\n\n\n\n<li><strong>Technologie <\/strong>(strategischer Beitrag der IT)<\/li>\n<\/ul>\n\n\n\n<p>\u00dcber die regelm\u00e4\u00dfigen Treffen hinaus werden weitere Aktivit\u00e4ten umgesetzt, die f\u00fcr die teilnehmenden Unternehmen einen konkreten Mehrwert bedeuten, z.B. das Benchmarking kritischer Leistungsfaktoren.<\/p>\n\n\n\n<figure class=\"wp-block-table is-style-regular\" style=\"padding-top:var(--wp--preset--spacing--20);padding-right:0;padding-bottom:var(--wp--preset--spacing--20);padding-left:0\"><table class=\"has-background has-border-color has-ast-global-color-0-border-color\" style=\"background-color:#e9f4fd;border-style:dotted\"><tbody><tr><td class=\"has-text-align-center\" data-align=\"center\">Unsere Gespr\u00e4chsrunde ist gerne <strong>offen f\u00fcr neue Teilnehmer<\/strong>.<br>Wir freuen uns \u00fcber Ihre <a href=\"https:\/\/infopro-gmbh.de\/?page_id=93\" data-type=\"page\" data-id=\"93\">Kontaktaufnahme<\/a> und laden Sie gerne unverbindlich zur n\u00e4chsten Veranstaltung ein.&nbsp;<\/td><\/tr><\/tbody><\/table><\/figure>\n","protected":false},"excerpt":{"rendered":"<p>CIO-Kreis Peergroup f\u00fcr regionale IT-Manager F\u00fcr CIOs ist der direkte und branchen-\u00fcbergreifende Austausch zu aktuellen IT-Management-Themen eine wichtige Quelle von [&hellip;]<\/p>\n","protected":false},"author":1,"featured_media":0,"parent":0,"menu_order":0,"comment_status":"closed","ping_status":"closed","template":"","meta":{"_uag_custom_page_level_css":"","site-sidebar-layout":"default","site-content-layout":"","ast-site-content-layout":"default","site-content-style":"default","site-sidebar-style":"default","ast-global-header-display":"","ast-banner-title-visibility":"","ast-main-header-display":"","ast-hfb-above-header-display":"","ast-hfb-below-header-display":"","ast-hfb-mobile-header-display":"","site-post-title":"disabled","ast-breadcrumbs-content":"","ast-featured-img":"","footer-sml-layout":"","ast-disable-related-posts":"","theme-transparent-header-meta":"","adv-header-id-meta":"","stick-header-meta":"","header-above-stick-meta":"","header-main-stick-meta":"","header-below-stick-meta":"","astra-migrate-meta-layouts":"default","ast-page-background-enabled":"default","ast-page-background-meta":{"desktop":{"background-color":"var(--ast-global-color-4)","background-image":"","background-repeat":"repeat","background-position":"center center","background-size":"auto","background-attachment":"scroll","background-type":"","background-media":"","overlay-type":"","overlay-color":"","overlay-opacity":"","overlay-gradient":""},"tablet":{"background-color":"","background-image":"","background-repeat":"repeat","background-position":"center center","background-size":"auto","background-attachment":"scroll","background-type":"","background-media":"","overlay-type":"","overlay-color":"","overlay-opacity":"","overlay-gradient":""},"mobile":{"background-color":"","background-image":"","background-repeat":"repeat","background-position":"center center","background-size":"auto","background-attachment":"scroll","background-type":"","background-media":"","overlay-type":"","overlay-color":"","overlay-opacity":"","overlay-gradient":""}},"ast-content-background-meta":{"desktop":{"background-color":"var(--ast-global-color-5)","background-image":"","background-repeat":"repeat","background-position":"center center","background-size":"auto","background-attachment":"scroll","background-type":"","background-media":"","overlay-type":"","overlay-color":"","overlay-opacity":"","overlay-gradient":""},"tablet":{"background-color":"var(--ast-global-color-5)","background-image":"","background-repeat":"repeat","background-position":"center center","background-size":"auto","background-attachment":"scroll","background-type":"","background-media":"","overlay-type":"","overlay-color":"","overlay-opacity":"","overlay-gradient":""},"mobile":{"background-color":"var(--ast-global-color-5)","background-image":"","background-repeat":"repeat","background-position":"center center","background-size":"auto","background-attachment":"scroll","background-type":"","background-media":"","overlay-type":"","overlay-color":"","overlay-opacity":"","overlay-gradient":""}},"footnotes":""},"categories":[1],"tags":[],"class_list":["post-329","page","type-page","status-publish","hentry","category-allgemein"],"uagb_featured_image_src":{"full":false,"thumbnail":false,"medium":false,"medium_large":false,"large":false,"1536x1536":false,"2048x2048":false},"uagb_author_info":{"display_name":"infopro-WP-Admin","author_link":"https:\/\/www.infopro-gmbh.de\/?author=1"},"uagb_comment_info":0,"uagb_excerpt":"CIO-Kreis Peergroup f\u00fcr regionale IT-Manager F\u00fcr CIOs ist der direkte und branchen-\u00fcbergreifende Austausch zu aktuellen IT-Management-Themen eine wichtige Quelle von [&hellip;]","_links":{"self":[{"href":"https:\/\/www.infopro-gmbh.de\/index.php?rest_route=\/wp\/v2\/pages\/329","targetHints":{"allow":["GET"]}}],"collection":[{"href":"https:\/\/www.infopro-gmbh.de\/index.php?rest_route=\/wp\/v2\/pages"}],"about":[{"href":"https:\/\/www.infopro-gmbh.de\/index.php?rest_route=\/wp\/v2\/types\/page"}],"author":[{"embeddable":true,"href":"https:\/\/www.infopro-gmbh.de\/index.php?rest_route=\/wp\/v2\/users\/1"}],"replies":[{"embeddable":true,"href":"https:\/\/www.infopro-gmbh.de\/index.php?rest_route=%2Fwp%2Fv2%2Fcomments&post=329"}],"version-history":[{"count":0,"href":"https:\/\/www.infopro-gmbh.de\/index.php?rest_route=\/wp\/v2\/pages\/329\/revisions"}],"wp:attachment":[{"href":"https:\/\/www.infopro-gmbh.de\/index.php?rest_route=%2Fwp%2Fv2%2Fmedia&parent=329"}],"wp:term":[{"taxonomy":"category","embeddable":true,"href":"https:\/\/www.infopro-gmbh.de\/index.php?rest_route=%2Fwp%2Fv2%2Fcategories&post=329"},{"taxonomy":"post_tag","embeddable":true,"href":"https:\/\/www.infopro-gmbh.de\/index.php?rest_route=%2Fwp%2Fv2%2Ftags&post=329"}],"curies":[{"name":"wp","href":"https:\/\/api.w.org\/{rel}","templated":true}]}}