{"id":173,"date":"2024-05-26T17:26:34","date_gmt":"2024-05-26T15:26:34","guid":{"rendered":"https:\/\/wp-test2.infopro-gmbh.de\/?page_id=173"},"modified":"2024-10-09T18:10:41","modified_gmt":"2024-10-09T16:10:41","slug":"ki-first-movers","status":"publish","type":"page","link":"https:\/\/www.infopro-gmbh.de\/?page_id=173","title":{"rendered":"KI-First Mover"},"content":{"rendered":"\n<div id=\"top\" class=\"wp-block-uagb-container uagb-block-9fe023e4 alignfull uagb-is-root-container\"><div class=\"uagb-container-inner-blocks-wrap\">\n<div class=\"wp-block-uagb-advanced-heading uagb-block-8129381f\"><h1 class=\"uagb-heading-text\">Weil Erfahrung den Unterschied macht <\/h1><p class=\"uagb-desc-text\">Bew\u00e4hrte Partner f\u00fcr IT-Strategie und K\u00fcnstliche Intelligenz<\/p><\/div>\n<\/div><\/div>\n\n\n\n<div class=\"wp-block-uagb-container uagb-block-10a9e636 alignfull uagb-is-root-container\"><div class=\"uagb-container-inner-blocks-wrap\">\n<div class=\"wp-block-uagb-container uagb-block-bea7e6a3\">\n<p>Seit 2001 ist die Information Professionals GmbH ein kompetenter Dienstleister f\u00fcr IT-Strategieberatung und IT-getriebene Innovation. Unsere Kunden sind \u00fcberwiegend gro\u00dfe mittelst\u00e4ndische Unternehmen und Konzerne, aber auch zahlreiche kleine und mittlere Unternehmen (KMU) vertrauen auf unsere Expertise.<br>Seit 2012 haben wir unser Leistungsspektrum um die Bereiche K\u00fcnstliche Intelligenz, Machine Learning und Big Data erweitert. Diese Themen bilden mittlerweile den Schwerpunkt unseres Unternehmens.<\/p>\n<\/div>\n\n\n\n<div class=\"wp-block-uagb-container uagb-block-2ef88cbe\">\n<p>\u00dcberregional sind wir auch durch die Planung und Durchf\u00fchrung hochwertiger Veranstaltungen und Fachkonferenzen bekannt. <\/p>\n\n\n\n<p>Seit \u00fcber einem Jahrzehnt organisieren und moderieren wir einen regelm\u00e4\u00dfigen Gespr\u00e4chskreis f\u00fcr CIOs international t\u00e4tiger Unternehmen in unserer Region. <\/p>\n<\/div>\n\n\n\n<div class=\"wp-block-uagb-container uagb-block-5a3daab5\">\n<p>Unser Gesch\u00e4ftsf\u00fchrer und Lead Data Scientist, John A. Thompson, stammt aus dem Silicon Valley. Dort hat er sich bereits w\u00e4hrend seines Mathematik-Studiums mit statistischen Methoden befasst und seine berufliche Laufbahn in der IT begonnen, bevor er in Deutschland f\u00fcr renommierte Software-Unternehmen t\u00e4tig wurde.<br>Er ist international ein gefragter Redner zu Themen wie Artificial Intelligence und Data Mining und verf\u00fcgt \u00fcber langj\u00e4hrige Lehrerfahrung im Rahmen von MBA-Programmen. Derzeit h\u00e4lt er Gastvorlesungen im Studiengang Applied AI an der Technischen Hochschule Rosenheim. <br><\/p>\n<\/div>\n<\/div><\/div>\n\n\n\n<div class=\"wp-block-uagb-advanced-heading uagb-block-f8d9bd91\"><h4 class=\"uagb-heading-text\">Untern den First Movers in Bayern \u2014 unsere KI-Chronik<\/h4><\/div>\n\n\n\n<div class=\"wp-block-uagb-advanced-heading uagb-block-d53d047f\"><h6 class=\"uagb-heading-text\">2012\/2013 \u2014 Erste Erfahrung in den USA und Big Data \u2013 das \u201eNext Big Thing\u201c?<\/h6><\/div>\n\n\n\n<details class=\"wp-block-details is-layout-flow wp-block-details-is-layout-flow\"><summary>W\u00e4hrend eines Projektes f\u00fcr einen Automobilkonzern in den USA haben wir erste &#8230;<\/summary>\n<p>&#8230; Ber\u00fchrungspunkte mit Themen wie Big Data, Machine Learning und Artificial Intelligence. In den USA war das Potenzial damals l\u00e4ngst erkannt, wir wollen das auch in Europa umsetzen.<\/p>\n\n\n\n<p>Die profunden fachlichen Vorkenntnisse des studierten Mathematikers John Thompson, unser Netzwerk im Silicon Valley sowie unsere engen Kontakte zu Hochschulen in USA, \u00d6sterreich und Deutschland tragen zu unserer Entscheidung bei, diese Themen  weiter zu verfolgen und Kompetenz aufzubauen.<\/p>\n\n\n\n<p>Neben dem Tagesgesch\u00e4ft setzen wir uns intensiv mit den in Europa bis dato weitgehend unbeachteten Themen Big Data, NoSQL-Datenbanken und Machine Learning auseinander. Bei unseren Bestandskunden sto\u00dfen wir damit schon bald auf gro\u00dfe Resonanz.<\/p>\n<\/details>\n\n\n\n<div class=\"wp-block-uagb-advanced-heading uagb-block-b66513b0\"><h6 class=\"uagb-heading-text\"><strong>2014 \u2014 Wir leisten KI-Pionierarbeit<\/strong><\/h6><\/div>\n\n\n\n<details class=\"wp-block-details is-layout-flow wp-block-details-is-layout-flow\"><summary>Dieses Jahr ist ereignisreich, wir befassen uns nun zum \u00fcberwiegenden Teil &#8230;<\/summary>\n<p>&#8230; mit Big Data und Machine Learning. Wir erhalten erste Auftr\u00e4ge und John Thompson mit seinem profunden Know How ist nun auch als Referent gefragt.<\/p>\n\n\n\n<p>Erste <strong>KI-Pilotprojekte<\/strong> werden von uns umgesetzt. Kunden sind mittelst\u00e4ndische Unternehmen und Global Player aus Oberbayern und dem Land Salzburg. Die erstaunlichen M\u00f6glichkeiten der K\u00fcnstlichen Intelligenz haben wir nun erstmals sehr erfolgreich in der Praxis bewiesen.<\/p>\n\n\n\n<p>Im M\u00e4rz nehmen wir am <strong>European Data Forum<\/strong> in Athen teil und werden Teil der internationalen Big Data-Community. Unser neuer Kontakt zur World Bank wird uns sp\u00e4ter noch viele M\u00f6glichkeiten er\u00f6ffnen.<\/p>\n\n\n\n<p>Im April h\u00e4lt John Thompson einen Vortrag im Auftrag der Wirtschaftsf\u00f6rderungsgesellschaft BGL und des Wirtschaftsforums Freilassing: \u201e<strong>Industrie 4.0, Big Data und das Internet of Things<\/strong>\u201c<\/p>\n\n\n\n<p>Seit langem schon organisieren wir gemeinsam mit der FH Salzburg eine <strong>Gespr\u00e4chsrunde f\u00fcr IT-Leiter<\/strong> zahlreicher regionaler Unternehmen. Im Mai 2014 d\u00fcrfen wir den Teilnehmern das Thema Big Data n\u00e4herbringen. Mitarbeiter gro\u00dfer L\u00f6sungsanbieter wie Microsoft und MongoDB reisen an und stellen ihre Produkte vor. John Thompson erl\u00e4utert dazu die fachlichen Hintergr\u00fcnde.<\/p>\n\n\n\n<p>Unser Thema st\u00f6\u00dft auf gro\u00dfe Resonanz und viele Firmen m\u00f6chten schnell tiefer hineintauchen. Deshalb initiieren wir das <strong>Big Data Business Network<\/strong> als Workshop-Angebot. Von April bis Oktober tun sich Gro\u00dfunternehmen und gro\u00dfe Mittelst\u00e4ndler in Oberbayern und dem Land Salzburg zusammen und evaluieren an mehreren Workshop-Terminen gemeinsam mit uns Big Data und Machine Learning Technologien. <br>Ziele der teilnehmenden Firmen sind die Steigerung des Kundennutzens, Wettbewerbsvorteile und mehr Profitabilit\u00e4t. Erst einmal ging es um eine <strong>umfassende Einf\u00fchrung in die neuen Technologien<\/strong>. Auch verschiedene L\u00f6sungsanbieter konnten ihre jeweiligen Produkte vorstellen, sodass eine gute Vergleichbarkeit gegeben war. Eine Fortsetzung des Big Data Business Network wird gleich f\u00fcr das Folgejahr geplant.<\/p>\n\n\n\n<p>Im November findet auf unsere Initiative hin das <strong>Salzburger Data Science Symposium<\/strong> statt. Unsere inzwischen weitreichende internationale Vernetzung macht eine hochkar\u00e4tig besetzte Veranstaltung an der <strong>Fachhochschule Salzburg<\/strong> m\u00f6glich. John Thompson moderiert und h\u00e4lt das Schlusswort.<\/p>\n<\/details>\n\n\n\n<div class=\"wp-block-uagb-advanced-heading uagb-block-0320b391\"><h6 class=\"uagb-heading-text\"><strong>2015 \u2014 Internationale Aufmerksamkeit, ein wachsendes &#8222;Big Data Business Network&#8220; und eine Auszeichnung<\/strong><\/h6><\/div>\n\n\n\n<details class=\"wp-block-details is-layout-flow wp-block-details-is-layout-flow\"><summary>Das Thema Big Data und K\u00fcnstliche Intelligenz wird zunehmend wahrgenommen und &#8230;<\/summary>\n<p>&#8230; wir d\u00fcrfen einige neue Projekte umsetzen.<\/p>\n\n\n\n<p>Eine zweite Auflage der <strong>Big Data Business Network<\/strong>-Workshops findet schon seit Dezember 2014 statt und l\u00e4uft bis Juni 2015. Da viele Teilnehmer, Gro\u00dfunternehmen und gro\u00dfe Mittelst\u00e4ndler in Oberbayern und Land Salzburg, schon beim ersten Mal dabei waren, widmen wir uns diesmal der <strong>Technik<\/strong>. Nach einer Einf\u00fchrung in ma\u00dfgebliche Technologien werden verschiedene <strong>Szenarien <\/strong>in einer Laborumgebung durchgespielt. Die Gruppe erwirbt daf\u00fcr eigens einen Server.<\/p>\n\n\n\n<p>Ein internationaler Verband f\u00fcr IT-Service-Unternehmen, die <strong>Service Industry Association (SIA)<\/strong> l\u00e4dt John Thompson als Referenten zu ihrem j\u00e4hrlichen <strong>Global Executive Summit<\/strong> ein. Empfohlen wurde der Referent von der Wirtschaftskammer Salzburg und die Reise geht vom 15.-17. M\u00e4rz 2015 ins <strong>Mirage Conference Center<\/strong> in <strong>Las Vegas<\/strong>. <br>Unser Vortragsthema ist &#8222;<strong>Learn how to implement BIG DATA in your company<\/strong>&#8220; und auch unser Messestand wird gut besucht.<\/p>\n\n\n\n<p>Gemeinsam mit der Firma SIGNICON entwickeln wir Prognosen der kurzfristigen Kraftstoffpreisentwicklung an deutschen Tankstellen. Im September werden wir daf\u00fcr auf der <strong>IFA 2015 <\/strong>mit dem <strong>HUMAN Telematik-Award<\/strong> in der Kategorie Telematik-Apps ausgezeichnet.<\/p>\n\n\n\n<p>Im Oktober sind wir zum <strong>European Round Table<\/strong> der <strong>Service Industry Association<\/strong> eingeladen und stellen einen Projektvorschlag f\u00fcr einen gemeinsamen Data Lake f\u00fcr deren Mitgliedsunternehmen vor. Eine Idee, die bereits im M\u00e4rz in Las Vegas entwickelt wurde.<\/p>\n\n\n\n<p>Das <strong>European Data Forum<\/strong> findet dieses Jahr im November iin Luxemburg statt. Wir nehmen teil und lassen uns inspirieren. Open Data ist bereits ein gro\u00dfes Thema.<\/p>\n<\/details>\n\n\n\n<div class=\"wp-block-uagb-advanced-heading uagb-block-dff1f8dd\"><h6 class=\"uagb-heading-text\"><strong>2016 \u2014 Wir etablieren uns als Anbieter von Data Mining und KI-L\u00f6sungen<\/strong><\/h6><\/div>\n\n\n\n<details class=\"wp-block-details is-layout-flow wp-block-details-is-layout-flow\"><summary>Weitere Kunden kommen hinzu, die starkes Interesse an unserem &#8230;<\/summary>\n<p>&#8230; &#8222;<strong>Advanced Analytics<\/strong>&#8222;-Angebot haben. Zur Produktivit\u00e4tssteigerung entwickeln wir erste Software-Tools und bald entsteht die Idee f\u00fcr eine Plattform zum komfortablen Deployment von Analyse-Anwendungen.<\/p>\n\n\n\n<p>Seit Oktober 2015 l\u00e4uft die mittlerweile dritte Runde des <strong>Big Data Business Network<\/strong> und dauert bis in den Juli. Diesmal implementieren wir gemeinsam verschiedene <strong>Use Cases<\/strong> der teilnehmenden Unternehmen.<\/p>\n\n\n\n<p>Ein weiterer Termin bei der <strong>Service Industry Association (SIA)<\/strong> findet statt. Wir werden zum <strong>Europe Executive Roundtable<\/strong> am 27. Oktober in Birmingham eingeladen. John Thompson stellt ein geplantes Projekt mit einigen Mitgliedsunternehmen vor, ein <strong>gemeinsamer Data Lake<\/strong>.<\/p>\n\n\n\n<p>Das Big <strong>Data Business Network<\/strong> geht im Oktober in die 4. Workshop-Runde. Ein Update ist f\u00e4llig und wir setzen uns mit den <strong>neuesten Technologien<\/strong> der inzwischen schnell wachsenden Branche auseinander. Au\u00dferdem <strong>implementieren <\/strong>wir testweise weitere Use Cases der Teilnehmer.<\/p>\n\n\n\n<p>Wir sind bekannt und gut vernetzt in der KI-Branche. Deshalb trauen wir uns etwas ganz Gro\u00dfes zu und tragen eine Idee an die University of Applied Science in Salzburg heran. Die erste <strong>Internationale Data Science-Konferenz<\/strong> in unserer Region ist geboren und wir beginnen mit der Planung und Organisation f\u00fcr den Zieltermin Juli 2017.<\/p>\n<\/details>\n\n\n\n<div class=\"wp-block-uagb-advanced-heading uagb-block-ae814044\"><h6 class=\"uagb-heading-text\"><strong>2017 \u2014 Wir \u00e4ndern den Unternehmensfokus hin zu KI und beginnen mit der Entwicklung von glaas<\/strong><\/h6><\/div>\n\n\n\n<details class=\"wp-block-details is-layout-flow wp-block-details-is-layout-flow\"><summary>Nach fast einem Jahr Planung und Organisation ist es nun auch so weit und im Juli 2017 &#8230;<\/summary>\n<p>findet an der University of Applied Science Salzburg die erste <strong>International Data Science Conference (IDSC)<\/strong> statt. Die zweit\u00e4gige Konferenz wird von hunderten von G\u00e4sten aus aller Welt besucht.<br>Wir sind mittlerweile gut bekannt in der Data Science-Welt und k\u00f6nnen <strong>Branchengr\u00f6\u00dfen aus dem Silicon Valley<\/strong> wie Cloudera-Gr\u00fcnder Mike Olsen und Ralf Klinkenberg, den Gr\u00fcnder von Rapidminer, als Keynote-Speaker und Podiumsdiskutanten gewinnen. John Thompson \u00fcbernimmt <strong>Teile der Moderation<\/strong> und h\u00e4lt einen <strong>Vortrag: &#8222;Creating Business Value with an Inter-Company Data Lake&#8220;<\/strong>.<\/p>\n\n\n\n<p>F\u00fcr das renommierte <strong>IT-Entscheider-Netzwerk <a href=\"https:\/\/voice-ev.org\/\" target=\"_blank\" rel=\"noreferrer noopener\">VOICE e.V.<\/a><\/strong> planen und begleiten wir im November einen mehrt\u00e4gigen <strong>Field Trip ins Silicon Valley<\/strong>. CIOs bedeutender deutscher Unternehmen k\u00f6nnen dort Tech-Firmen mit KI-Bezug kennen lernen. Neben Google, LinkedIN und anderen ist darunter auch bereits NVIDIA.<\/p>\n\n\n\n<p>Das Interesse an Big Data, Machine Learning und KI ist mittlerweile in vielen Branchen gro\u00df. Wir k\u00f6nnen zahlreiche Projekte umsetzen und richten InfoPro neu aus. <strong>K\u00fcnstliche Intelligenz wird zu einem neuen Schwerpunkt<\/strong> unseres Angebotes. Dabei tauchen wir ein in chemische Produktionsprozesse, Energieeffizienz, Vertriebssteuerung, Personaleinsatzplanung, Lageroptimierung, LKW-K\u00fchlaggregate und vieles mehr.<\/p>\n\n\n\n<p>F\u00fcr das schnelle und effektive Prototyping und Deployment unserer wachsenden Anzahl an KI- und Machine Learning-Projekte ben\u00f6tigen wir einen technologischen Unterbau. Wir entwickeln aus unseren bereits vorhandenen Tools die <strong>Analytics-Plattform glaas<\/strong>. Erste Testeins\u00e4tze bei ausgew\u00e4hlten Kunden finden statt. Die Plattform erweist sich dabei als Gl\u00fccksgriff und wertvolles Hilfsmittel f\u00fcr die <strong>Implementierung und das Deployment von Analytics-Anwendungen<\/strong>.<\/p>\n<\/details>\n\n\n\n<div class=\"wp-block-uagb-advanced-heading uagb-block-dafd9a4b\"><h6 class=\"uagb-heading-text\">2018 \u2014 Unser glaas Analytics Framework erreicht die Marktreife<\/h6><\/div>\n\n\n\n<details class=\"wp-block-details is-layout-flow wp-block-details-is-layout-flow\"><summary>Unsere bislang nur intern genutzte Analytics-Plattform glaas &#8230; <\/summary>\n<p>&#8230; ist erprobt und ausgereift und wir launchen die <strong>erste Version<\/strong> von <strong>glaas <\/strong>als <strong>OnPremise-Produkt<\/strong>. Au\u00dferdem stellen wir unsere glaas-basierten Analyse-L\u00f6sungen auch als <strong>Software-as-a-Service<\/strong> zur Verf\u00fcgung.<\/p>\n\n\n\n<p>Im Auftrag der <strong>ITG Salzburg<\/strong> organisieren, gestalten und moderieren wir Anfang Februar einen Workshop f\u00fcr kleine und mittelst\u00e4ndische Unternehmen: \u201e<strong>Data Driven Business f\u00fcr KMU<\/strong>\u201c<\/p>\n\n\n\n<p>Unternehmerisch setzen wir den Fokus nun fast vollst\u00e4ndig auf Advanced Analytics-L\u00f6sungen, Machine Learning-Methoden und K\u00fcnstliche Intelligenz.<\/p>\n<\/details>\n\n\n\n<div class=\"wp-block-uagb-advanced-heading uagb-block-94486d66\"><h6 class=\"uagb-heading-text\"><strong>2019 \u2014 glaas wird um den Deployment Manager erg\u00e4nzt<\/strong><\/h6><\/div>\n\n\n\n<details class=\"wp-block-details is-layout-flow wp-block-details-is-layout-flow\"><summary>Zur intuitiveren und schnelleren Bedienung der glaas API &#8230;<\/summary>\n<p>&#8230; entwickeln wir den <strong>glaas Deployment Manager<\/strong>. Er wird nun zum festen Bestandteil unseres Produktspektrums.<\/p>\n\n\n\n<p>Wir setzen weitere KI-Projekte um und sammeln wertvolle Erfahrung mit dem Einsatz von Machine Learning in der Industrie. Unsere regionalen Kunden setzen uns und unser Know How auch an internationalen Niederlassungen ein, z.B. in den USA.<\/p>\n\n\n\n<p>Im November stellen wir gemeinsam mit einem Kunden beim <strong>Rosenheimer IT-Forum &#8222;Data Science im Mittelstand&#8220;<\/strong> ein erfolgreiches KI-Projekt vor: Qualit\u00e4tsprognosen und Produktionsoptimierung in der Chemieindustrie.<\/p>\n<\/details>\n\n\n\n<div class=\"wp-block-uagb-advanced-heading uagb-block-eb44ffa9\"><h6 class=\"uagb-heading-text\"><strong>2020-2022 \u2014 Zeit f\u00fcr vielf\u00e4ltige Erweiterungen<\/strong><\/h6><\/div>\n\n\n\n<details class=\"wp-block-details is-layout-flow wp-block-details-is-layout-flow\"><summary>Das Interesse an unseren L\u00f6sungen ist gro\u00df &#8230;<\/summary>\n<p>&#8230; und wir k\u00f6nnen uns gl\u00fccklich sch\u00e4tzen, denn unsere langj\u00e4hrigen vertrauensvollen Kundenbeziehungen machen w\u00e4hrend auch w\u00e4hrend der Lock Downs eine reibungslose remote-Zusammenarbeit m\u00f6glich. Als KI-Experten sind wir in der Region inzwischen gut positioniert und gewinnen auch in dieser herausfordernden Zeit weitere Kunden.<\/p>\n\n\n\n<p>Das 10-j\u00e4hrige Bestehen des CIO-Kreis m\u00fcssen wir im Fr\u00fchjahr 2020 allerdings vorerst online feiern.<\/p>\n\n\n\n<p>Wir k\u00f6nnen glaas technisch weiter entwickeln, noch flexibler machen und um zus\u00e4tzliche Standardmodule erg\u00e4nzen. Auch der erste produktive <strong>Einsatz von glaas auf einem Raspberry Pi<\/strong> f\u00e4llt in diesen Zeitraum. <\/p>\n\n\n\n<p>Daneben intensivieren wir die Zusammenarbeit mit der Hochschule Rosenheim und bauen sowohl unser Data Science-Team als auch unser Kooperationsnetzwerk gezielt aus.<\/p>\n\n\n\n<p>Mit Unterst\u00fctzung durch das <strong>Innovationslabor der Hochschule Rosenheim<\/strong> erh\u00e4lt glaas im Juli 2022 einen ersten <strong>Smartphone Client<\/strong>.<\/p>\n\n\n\n<p>Im November 2022 ziehen wir in <strong>neue R\u00e4ume<\/strong> und nutzen das f\u00fcr den Launch unseres neuen CI nun mit dem mit eindeutigem Fokus auf \u201eAdvanced Analytics Solutions\u201c.<\/p>\n\n\n\n<p>Im Dezember 2022 h\u00e4lt John Thompson im neuen <strong>Studiengang Applied AI<\/strong> an der TH Rosenheim eine Gastvorlesung unter dem Titel &#8222;Data Science in Practice&#8220; und leitet auch einen Praxisworkshop f\u00fcr die Studierenden.<br><\/p>\n<\/details>\n\n\n\n<div class=\"wp-block-uagb-advanced-heading uagb-block-4ec835c8\"><h6 class=\"uagb-heading-text\"><strong>2023 \u2014 Bayern forciert AI und wir gehen mit<\/strong><\/h6><\/div>\n\n\n\n<details class=\"wp-block-details is-layout-flow wp-block-details-is-layout-flow\"><summary>Das Thema KI wird in Bayern stark vorangetrieben und &#8230;  <\/summary>\n<p>&#8230; im Februar pr\u00e4sentieren wir im M\u00fcnchener Forum der Zukunft auf der <strong>Bavarian International Conference on AI (AI.BAY 2023)<\/strong> unsere glaas Analytics-Plattform sowie damit umgesetzte aktuelle L\u00f6sungen. Unsere KI-Projekte mit Fokus auf Energieeinsparung in bayerischen und \u00f6sterreichischen Industriebetrieben stehen dabei im Vordergrund.<\/p>\n\n\n\n<p>Im M\u00e4rz sind wir gemeinsam mit dem Wirtschaftsservice Berchtesgadener Land Gastgeber f\u00fcr den <strong>IT-Verband ROSIK e.V<\/strong>. <br>John Thompson h\u00e4lt einen Vortrag \u201e<strong>KI in der Praxis<\/strong>\u201c anhand von Beispielen aus der Chemieindustrie und Transportlogistik.<\/p>\n\n\n\n<p>Im <strong>Studiengang &#8222;Applied AI&#8220;<\/strong> der Hochschule Rosenheim entwickelt sich Interesse an einer Zusammenarbeit mit uns. Wir besch\u00e4ftigen Werkstudenten und bilden Praktikanten aus. John Thompson wird Co-Autor eines <strong>wissenschaftlichen Papers<\/strong> und h\u00e4lt auch dieses Wintersemester wieder eine Gastvorlesung.<\/p>\n\n\n\n<p>Im Herbst startet die <strong>ERFA-Runde intoAI<\/strong> des Wirtschaftsservice Berchtesgadener Land. Wir sind Ideengeber und die fachliche Begleitung bei den regelm\u00e4\u00dfigen Veranstaltungen.<\/p>\n\n\n\n<p>ChatGPT versetzt die Welt in Staunen. Auch wir sind beeindruckt und machen <strong>glaas <\/strong>schnellstens tauglich f\u00fcr <strong>Vektordatenbanken und LLMs<\/strong>. Und im Zuge des n\u00e4chsten Release experimentieren wir mit ersten LLM-basierten L\u00f6sungen und RAG.<\/p>\n\n\n\n<p>Mit der Implementierung unseres <strong>Pipe Editors<\/strong> erh\u00e4lt glaas auch eine grafische Benutzeroberfl\u00e4che f\u00fcr die Modellierung von Daten-Pipelines in Machine Learning-Anwendungen.<\/p>\n<\/details>\n\n\n\n<div class=\"wp-block-uagb-advanced-heading uagb-block-a7a6ee2c\"><h6 class=\"uagb-heading-text\"><strong>2024 \u2014 glaas und GenAI: LLMs und RAG er\u00f6ffnen spannende M\u00f6glichkeiten<\/strong><\/h6><\/div>\n\n\n\n<details class=\"wp-block-details is-layout-flow wp-block-details-is-layout-flow\"><summary>Eine noch schlankere und schnellere Version von glaas &#8230;<\/summary>\n<p>&#8230; ist fertig gestellt, wir bauen die <strong>Integration von LLMs, RAG und Chatbots <\/strong>weiter aus und erste Pilotanwendungen sind auf den Weg gebraucht.<\/p>\n\n\n\n<p>Die diesj\u00e4hrige <strong>EMEA Conference der Service Industry Association (SIA)<\/strong> findet im in Dublin statt. John Thompson ist erneut als Referent eingeladen. Sein Thema diesmal ist &#8222;<strong>Building AI Applications \u2013 How to get a chatbot working on your data<\/strong>&#8222;.<\/p>\n\n\n\n<p>Die <strong>ERFA-Runde intoAI<\/strong> des Wirtschaftsservice BGL hat weitere regionale Unternehmen als Teilnehmer hinzugewonnen. Wir d\u00fcrfen nun erste Ideen f\u00fcr Use Cases fachlich begleiten.<\/p>\n\n\n\n<p>Beim <strong>Innovationslabor der TH Rosenheim<\/strong> sind wir mit einem Projekt f\u00fcr ein Freilassinger Industrieunternehmen dabei \u2013 diesmal als Berater f\u00fcr das Studierenden-Team und den Auftraggeber.<\/p>\n\n\n\n<p>Kurz darauf folgt ein gut besuchter Vortrag f\u00fcr das <strong>Wirtschaftsforum Freilassing<\/strong>: &#8222;KI in der Praxis: Wie kann ich KI speziell f\u00fcr mein Unternehmen umsetzen?&#8220;<\/p>\n<\/details>\n\n\n\n<p><\/p>\n","protected":false},"excerpt":{"rendered":"<p>Weil Erfahrung den Unterschied macht Bew\u00e4hrte Partner f\u00fcr IT-Strategie und K\u00fcnstliche Intelligenz Seit 2001 ist die Information Professionals GmbH ein [&hellip;]<\/p>\n","protected":false},"author":1,"featured_media":0,"parent":0,"menu_order":0,"comment_status":"closed","ping_status":"closed","template":"","meta":{"_uag_custom_page_level_css":"","site-sidebar-layout":"default","site-content-layout":"","ast-site-content-layout":"default","site-content-style":"default","site-sidebar-style":"default","ast-global-header-display":"","ast-banner-title-visibility":"","ast-main-header-display":"","ast-hfb-above-header-display":"","ast-hfb-below-header-display":"","ast-hfb-mobile-header-display":"","site-post-title":"disabled","ast-breadcrumbs-content":"","ast-featured-img":"","footer-sml-layout":"","ast-disable-related-posts":"","theme-transparent-header-meta":"","adv-header-id-meta":"","stick-header-meta":"","header-above-stick-meta":"","header-main-stick-meta":"","header-below-stick-meta":"","astra-migrate-meta-layouts":"default","ast-page-background-enabled":"default","ast-page-background-meta":{"desktop":{"background-color":"var(--ast-global-color-4)","background-image":"","background-repeat":"repeat","background-position":"center center","background-size":"auto","background-attachment":"scroll","background-type":"","background-media":"","overlay-type":"","overlay-color":"","overlay-opacity":"","overlay-gradient":""},"tablet":{"background-color":"","background-image":"","background-repeat":"repeat","background-position":"center center","background-size":"auto","background-attachment":"scroll","background-type":"","background-media":"","overlay-type":"","overlay-color":"","overlay-opacity":"","overlay-gradient":""},"mobile":{"background-color":"","background-image":"","background-repeat":"repeat","background-position":"center center","background-size":"auto","background-attachment":"scroll","background-type":"","background-media":"","overlay-type":"","overlay-color":"","overlay-opacity":"","overlay-gradient":""}},"ast-content-background-meta":{"desktop":{"background-color":"var(--ast-global-color-5)","background-image":"","background-repeat":"repeat","background-position":"center center","background-size":"auto","background-attachment":"scroll","background-type":"","background-media":"","overlay-type":"","overlay-color":"","overlay-opacity":"","overlay-gradient":""},"tablet":{"background-color":"var(--ast-global-color-5)","background-image":"","background-repeat":"repeat","background-position":"center center","background-size":"auto","background-attachment":"scroll","background-type":"","background-media":"","overlay-type":"","overlay-color":"","overlay-opacity":"","overlay-gradient":""},"mobile":{"background-color":"var(--ast-global-color-5)","background-image":"","background-repeat":"repeat","background-position":"center center","background-size":"auto","background-attachment":"scroll","background-type":"","background-media":"","overlay-type":"","overlay-color":"","overlay-opacity":"","overlay-gradient":""}},"footnotes":""},"categories":[],"tags":[],"class_list":["post-173","page","type-page","status-publish","hentry"],"uagb_featured_image_src":{"full":false,"thumbnail":false,"medium":false,"medium_large":false,"large":false,"1536x1536":false,"2048x2048":false},"uagb_author_info":{"display_name":"infopro-WP-Admin","author_link":"https:\/\/www.infopro-gmbh.de\/?author=1"},"uagb_comment_info":0,"uagb_excerpt":"Weil Erfahrung den Unterschied macht Bew\u00e4hrte Partner f\u00fcr IT-Strategie und K\u00fcnstliche Intelligenz Seit 2001 ist die Information Professionals GmbH ein [&hellip;]","_links":{"self":[{"href":"https:\/\/www.infopro-gmbh.de\/index.php?rest_route=\/wp\/v2\/pages\/173","targetHints":{"allow":["GET"]}}],"collection":[{"href":"https:\/\/www.infopro-gmbh.de\/index.php?rest_route=\/wp\/v2\/pages"}],"about":[{"href":"https:\/\/www.infopro-gmbh.de\/index.php?rest_route=\/wp\/v2\/types\/page"}],"author":[{"embeddable":true,"href":"https:\/\/www.infopro-gmbh.de\/index.php?rest_route=\/wp\/v2\/users\/1"}],"replies":[{"embeddable":true,"href":"https:\/\/www.infopro-gmbh.de\/index.php?rest_route=%2Fwp%2Fv2%2Fcomments&post=173"}],"version-history":[{"count":0,"href":"https:\/\/www.infopro-gmbh.de\/index.php?rest_route=\/wp\/v2\/pages\/173\/revisions"}],"wp:attachment":[{"href":"https:\/\/www.infopro-gmbh.de\/index.php?rest_route=%2Fwp%2Fv2%2Fmedia&parent=173"}],"wp:term":[{"taxonomy":"category","embeddable":true,"href":"https:\/\/www.infopro-gmbh.de\/index.php?rest_route=%2Fwp%2Fv2%2Fcategories&post=173"},{"taxonomy":"post_tag","embeddable":true,"href":"https:\/\/www.infopro-gmbh.de\/index.php?rest_route=%2Fwp%2Fv2%2Ftags&post=173"}],"curies":[{"name":"wp","href":"https:\/\/api.w.org\/{rel}","templated":true}]}}