{"id":146,"date":"2024-05-26T16:05:12","date_gmt":"2024-05-26T14:05:12","guid":{"rendered":"https:\/\/wp-test2.infopro-gmbh.de\/?page_id=146"},"modified":"2025-04-23T16:20:42","modified_gmt":"2025-04-23T14:20:42","slug":"glaas-advanced-analytics-suite","status":"publish","type":"page","link":"https:\/\/www.infopro-gmbh.de\/?page_id=146","title":{"rendered":"glaas Advanced Analytics Suite"},"content":{"rendered":"\n<div class=\"wp-block-uagb-container uagb-block-704a5ed6 alignfull uagb-is-root-container\"><div class=\"uagb-container-inner-blocks-wrap\">\n<div class=\"wp-block-uagb-advanced-heading uagb-block-8129381f\"><h1 class=\"uagb-heading-text\">glaas<\/h1><p class=\"uagb-desc-text\">Advanced Analytics Suite<\/p><\/div>\n<\/div><\/div>\n\n\n\n<div class=\"wp-block-uagb-container uagb-block-04cdd2cf alignfull uagb-is-root-container\"><div class=\"uagb-container-inner-blocks-wrap\">\n<div class=\"wp-block-uagb-advanced-heading uagb-block-8eac3cdc\"><h5 class=\"uagb-heading-text\">Flexible Plattform f\u00fcr komfortable Analyse-Anwendungen<\/h5><\/div>\n\n\n\n<p>glaas ist eine modular aufgebaute, flexibel erweiterbare und einheitlich verwaltete Software-Plattform f\u00fcr die Entwicklung und Bereitstellung von Analyse-L\u00f6sungen. Speziell f\u00fcr das Design und den operativen Einsatz von Machine Learning-Anwendungen konzipiert, vereinfacht glaas das Prototyping, die Entwicklung und den dauerhaften Betrieb von Anwendungen. Mit glaas werden Prozesse einfacher, skalierbar und stabil gestaltet.<\/p>\n\n\n\n<p>glaas eignet sich f\u00fcr Unternehmen jeder Branche und Gr\u00f6\u00dfe als leistungsf\u00e4hige und einfach zu bedienende Plattform. Die Kombination aus vordefinierten Standardkomponenten, einfacher Integration und hoher Flexibilit\u00e4t macht glaas zur idealen L\u00f6sung nicht nur f\u00fcr KI-Anwendungen.<\/p>\n<\/div><\/div>\n\n\n\n<div class=\"wp-block-uagb-container uagb-block-1e0aa7b6 alignfull uagb-is-root-container\"><div class=\"uagb-container-inner-blocks-wrap\">\n<div class=\"wp-block-uagb-container uagb-block-c78e587d\">\n<div class=\"wp-block-uagb-info-box uagb-block-f6b7158c uagb-infobox__content-wrap  uagb-infobox-icon-above-title uagb-infobox-image-valign-top wp-block-uagb-info-box--has-margin\"><div class=\"uagb-infobox-margin-wrapper\"><div class=\"uagb-ifb-content\"><div class=\"uagb-ifb-title-wrap\"><h5 class=\"uagb-ifb-title\">Umfassende Funktionen f\u00fcr den gesamten Data Mining-Prozess<\/h5><\/div><p class=\"uagb-ifb-desc\">glaas enth\u00e4lt Komponenten f\u00fcr alle wesentlichen Aufgaben des Data Mining-Prozesses. Der Funktionsumfang reicht von der Datenaufbereitung \u00fcber das Erstellen von Machine Learning-Modellen bis hin zur Bereitstellung von Analyse-Ergebnissen. Ein Server steuert die Systemkomponenten und stellt eine einfache und einheitlich definierte API sowie eine Plug-In-Schnittstelle f\u00fcr anwendungsspezifische Erg\u00e4nzungen zur Verf\u00fcgung. Unterschiedliche Anwendungen in den jeweils geeignetsten Programmiersprachen und mit verschiedenen Datenquellen lassen sich integrieren.<\/p><\/div><\/div><\/div>\n<\/div>\n\n\n\n<div class=\"wp-block-uagb-container uagb-block-468cf617\">\n<div class=\"wp-block-uagb-info-box uagb-block-5c95bb2c uagb-infobox__content-wrap  uagb-infobox-icon-above-title uagb-infobox-image-valign-top wp-block-uagb-info-box--has-margin\"><div class=\"uagb-infobox-margin-wrapper\"><div class=\"uagb-ifb-content\"><div class=\"uagb-ifb-title-wrap\"><h5 class=\"uagb-ifb-title\">Einfache Entwicklung mit vordefinierten Standardkomponenten<\/h5><\/div><p class=\"uagb-ifb-desc\">F\u00fcr viele Grundaufgaben, die in Analyse-L\u00f6sungen typischerweise durchgef\u00fchrt werden m\u00fcssen, sind bereits vordefinierte Systemkomponenten vorhanden. Diese Standardkomponenten des glaas-Baukastensystems k\u00f6nnen individuell konfiguriert und angepasst und dann zu Analyse-Anwendungen zusammengefasst werden. So k\u00f6nnen typische Aufgaben von Analyse-Anwendungen ohne aufw\u00e4ndige Programmierung einfach umgesetzt werden.<\/p><\/div><\/div><\/div>\n<\/div>\n\n\n\n<div class=\"wp-block-uagb-container uagb-block-5e95a5a7\">\n<div class=\"wp-block-uagb-info-box uagb-block-9c2f0a68 uagb-infobox__content-wrap  uagb-infobox-icon-above-title uagb-infobox-image-valign-top wp-block-uagb-info-box--has-margin\"><div class=\"uagb-infobox-margin-wrapper\"><div class=\"uagb-ifb-content\"><div class=\"uagb-ifb-title-wrap\"><h5 class=\"uagb-ifb-title\">Skalierbarkeit und Flexibilit\u00e4t f\u00fcr jede Branche und Unternehmensgr\u00f6\u00dfe<\/h5><\/div><p class=\"uagb-ifb-desc\">glaas ist f\u00fcr jede Branche und Unternehmensgr\u00f6\u00dfe geeignet. Es erm\u00f6glicht die vereinfachte Entwicklung und das Deployment perfekt abgestimmter, skalierbarer Analytics- und Prediction-L\u00f6sungen. Von Edge-Computing bis hin zum umfangreichen Cloud-Einsatz entscheiden unsere Kunden selbst, wo prognostische Verfahren laufen sollen. Durch seine besondere Architektur k\u00f6nnen glaas-Anwendungen sich selbst mit der Zeit anpassen, eine Grundanforderung von Machine Learning.<\/p><\/div><\/div><\/div>\n<\/div>\n\n\n\n<div class=\"wp-block-uagb-container uagb-block-b523df73\">\n<div class=\"wp-block-uagb-info-box uagb-block-1b152df8 uagb-infobox__content-wrap  uagb-infobox-icon-above-title uagb-infobox-image-valign-top wp-block-uagb-info-box--has-margin\"><div class=\"uagb-infobox-margin-wrapper\"><div class=\"uagb-ifb-content\"><div class=\"uagb-ifb-title-wrap\"><h5 class=\"uagb-ifb-title\">Einfache Administration und Integration<\/h5><\/div><p class=\"uagb-ifb-desc\">Eine einfach zu bedienende Verwaltungsoberfl\u00e4che, der glaas Deployment Manager, unterst\u00fctzt bei der Konfiguration und Verwaltung von Analyse-Anwendungen. \u00dcber die standardisierte glaas API k\u00f6nnen Anwendungen einfach administriert und in bestehende Systeme integriert werden. Dies gilt sowohl f\u00fcr die Maschine-zu-Maschine-Integration als auch f\u00fcr browserbasierte User-Clients, die mit Programmiersprachen wie Python, Ruby, Java oder JavaScript implementiert werden k\u00f6nnen.<\/p><\/div><\/div><\/div>\n<\/div>\n\n\n\n<div class=\"wp-block-uagb-container uagb-block-3b946c90\">\n<div class=\"wp-block-uagb-info-box uagb-block-3933147f uagb-infobox__content-wrap  uagb-infobox-icon-above-title uagb-infobox-image-valign-top wp-block-uagb-info-box--has-margin\"><div class=\"uagb-infobox-margin-wrapper\"><div class=\"uagb-ifb-content\"><div class=\"uagb-ifb-title-wrap\"><h5 class=\"uagb-ifb-title\">Unabh\u00e4ngigkeit und Investitionssicherheit<\/h5><\/div><p class=\"uagb-ifb-desc\">glaas ist vollst\u00e4ndig quelloffen und basiert auf verbreiteten Technologien wie Python. Dies gew\u00e4hrleistet Investitionssicherheit und Unabh\u00e4ngigkeit vom Hersteller. Die Plattform ist hardwareunabh\u00e4ngig und kann auf den meisten g\u00e4ngigen Systemumgebungen eingesetzt werden, von Edge-Computing bis zur Cloud. F\u00fcr den Betrieb ist keine Internetverbindung notwendig, und die Datenbankanbindung ist flexibel (SQL, NoSQL).<\/p><\/div><\/div><\/div>\n<\/div>\n\n\n\n<div class=\"wp-block-uagb-container uagb-block-5affa6b2\">\n<div class=\"wp-block-uagb-info-box uagb-block-95862f70 uagb-infobox__content-wrap  uagb-infobox-icon-above-title uagb-infobox-image-valign-top wp-block-uagb-info-box--has-margin\"><div class=\"uagb-infobox-margin-wrapper\"><div class=\"uagb-ifb-content\"><div class=\"uagb-ifb-title-wrap\"><h5 class=\"uagb-ifb-title\"><strong>Low-Code-Ansatz f\u00fcr eine schnelle Umsetzung<\/strong><\/h5><\/div><p class=\"uagb-ifb-desc\">glaas verfolgt einen Low-Code-Ansatz, bei dem typische Analyse-Grundaufgaben mit konfigurierbaren und individuell erweiterbaren Standardkomponenten leicht umgesetzt werden k\u00f6nnen. Komplette Anwendungs-Workflows k\u00f6nnen \u00fcber das glaas-Baukastensystem und standardisierte APIs umgesetzt werden. So wird die Entwicklung von Analyse-Anwendungen weitgehend zu einer (automatisierbaren) Konfigurationsaufgabe.<\/p><\/div><\/div><\/div>\n<\/div>\n\n\n\n<div class=\"wp-block-uagb-container uagb-block-ec931091\">\n<div class=\"wp-block-uagb-info-box uagb-block-7311b76a uagb-infobox__content-wrap  uagb-infobox-icon-above-title uagb-infobox-image-valign-top wp-block-uagb-info-box--has-margin\"><div class=\"uagb-infobox-margin-wrapper\"><div class=\"uagb-ifb-content\"><div class=\"uagb-ifb-title-wrap\"><h5 class=\"uagb-ifb-title\"><strong>Einfache Erweiterbarkeit und Integration<\/strong><\/h5><\/div><p class=\"uagb-ifb-desc\">Neue, individuelle Komponenten k\u00f6nnen mit geringem Aufwand entwickelt und nahtlos in den Workflow einer glaas-Anwendung integriert werden. So k\u00f6nnen vorhandene Analyse-L\u00f6sungen oder spezifische Verarbeitungsanforderungen einfach eingebunden werden. Die konsequente Standardisierung der Systemverwaltung und der API lassen eine einfache Integration von Komponenten der Analyse-Anwendungen sowohl untereinander als auch mit bestehenden Systemen zu.<\/p><\/div><\/div><\/div>\n<\/div>\n\n\n\n<div class=\"wp-block-uagb-container uagb-block-e17d3344\">\n<div class=\"wp-block-uagb-info-box uagb-block-c5a2506b uagb-infobox__content-wrap  uagb-infobox-icon-above-title uagb-infobox-image-valign-top wp-block-uagb-info-box--has-margin\"><div class=\"uagb-infobox-margin-wrapper\"><div class=\"uagb-ifb-content\"><div class=\"uagb-ifb-title-wrap\"><h5 class=\"uagb-ifb-title\">E<strong>insatzm\u00f6glichkeiten \u00fcber Machine Learning hinaus<\/strong><\/h5><\/div><p class=\"uagb-ifb-desc\">Obwohl glaas urspr\u00fcnglich f\u00fcr das Deployment von Machine Learning-Anwendungen konzipiert wurde, eignet es sich auch als ideale technische Grundlage f\u00fcr vielf\u00e4ltige digitale Plattformen. Dazu geh\u00f6ren Simulationen, Digital Twins, Condition Monitoring und Datenarchivierung. Die Integration beliebiger Anwendungen und Datenquellen kann ebenfalls einfach umgesetzt werden.<\/p><\/div><\/div><\/div>\n<\/div>\n\n\n\n<div class=\"wp-block-uagb-container uagb-block-4aec867b\">\n<div class=\"wp-block-uagb-info-box uagb-block-92a46102 uagb-infobox__content-wrap  uagb-infobox-icon-above-title uagb-infobox-image-valign-top wp-block-uagb-info-box--has-margin\"><div class=\"uagb-infobox-margin-wrapper\"><div class=\"uagb-ifb-content\"><div class=\"uagb-ifb-title-wrap\"><h5 class=\"uagb-ifb-title\"><strong>Individuelle Betriebsmodelle und Sicherheit<\/strong><\/h5><\/div><p class=\"uagb-ifb-desc\">Das glaas-Framework und der Betrieb der darauf eingesetzten Systeme k\u00f6nnen auf kundeneigener Infrastruktur oder \u00fcber eine individuelle Cloud-L\u00f6sung umgesetzt werden. <br>So ist die Kontrolle und Integration erfolgskritischer Anwendungen in der eigenen Unternehmensumgebung m\u00f6glich. Authentifizierung und Verschl\u00fcsselung sind \u00fcber einen Reverse Proxy einfach umzusetzen, was zus\u00e4tzliche Sicherheit bietet.<\/p><\/div><\/div><\/div>\n<\/div>\n<\/div><\/div>\n\n\n\n<p><\/p>\n","protected":false},"excerpt":{"rendered":"<p>glaas Advanced Analytics Suite Flexible Plattform f\u00fcr komfortable Analyse-Anwendungen glaas ist eine modular aufgebaute, flexibel erweiterbare und einheitlich verwaltete Software-Plattform [&hellip;]<\/p>\n","protected":false},"author":1,"featured_media":0,"parent":0,"menu_order":0,"comment_status":"closed","ping_status":"closed","template":"","meta":{"_uag_custom_page_level_css":"","site-sidebar-layout":"default","site-content-layout":"","ast-site-content-layout":"default","site-content-style":"default","site-sidebar-style":"default","ast-global-header-display":"","ast-banner-title-visibility":"","ast-main-header-display":"","ast-hfb-above-header-display":"","ast-hfb-below-header-display":"","ast-hfb-mobile-header-display":"","site-post-title":"disabled","ast-breadcrumbs-content":"","ast-featured-img":"","footer-sml-layout":"","ast-disable-related-posts":"","theme-transparent-header-meta":"","adv-header-id-meta":"","stick-header-meta":"","header-above-stick-meta":"","header-main-stick-meta":"","header-below-stick-meta":"","astra-migrate-meta-layouts":"default","ast-page-background-enabled":"default","ast-page-background-meta":{"desktop":{"background-color":"var(--ast-global-color-4)","background-image":"","background-repeat":"repeat","background-position":"center center","background-size":"auto","background-attachment":"scroll","background-type":"","background-media":"","overlay-type":"","overlay-color":"","overlay-opacity":"","overlay-gradient":""},"tablet":{"background-color":"","background-image":"","background-repeat":"repeat","background-position":"center center","background-size":"auto","background-attachment":"scroll","background-type":"","background-media":"","overlay-type":"","overlay-color":"","overlay-opacity":"","overlay-gradient":""},"mobile":{"background-color":"","background-image":"","background-repeat":"repeat","background-position":"center center","background-size":"auto","background-attachment":"scroll","background-type":"","background-media":"","overlay-type":"","overlay-color":"","overlay-opacity":"","overlay-gradient":""}},"ast-content-background-meta":{"desktop":{"background-color":"var(--ast-global-color-5)","background-image":"","background-repeat":"repeat","background-position":"center center","background-size":"auto","background-attachment":"scroll","background-type":"","background-media":"","overlay-type":"","overlay-color":"","overlay-opacity":"","overlay-gradient":""},"tablet":{"background-color":"var(--ast-global-color-5)","background-image":"","background-repeat":"repeat","background-position":"center center","background-size":"auto","background-attachment":"scroll","background-type":"","background-media":"","overlay-type":"","overlay-color":"","overlay-opacity":"","overlay-gradient":""},"mobile":{"background-color":"var(--ast-global-color-5)","background-image":"","background-repeat":"repeat","background-position":"center center","background-size":"auto","background-attachment":"scroll","background-type":"","background-media":"","overlay-type":"","overlay-color":"","overlay-opacity":"","overlay-gradient":""}},"footnotes":""},"categories":[],"tags":[],"class_list":["post-146","page","type-page","status-publish","hentry"],"uagb_featured_image_src":{"full":false,"thumbnail":false,"medium":false,"medium_large":false,"large":false,"1536x1536":false,"2048x2048":false},"uagb_author_info":{"display_name":"infopro-WP-Admin","author_link":"https:\/\/www.infopro-gmbh.de\/?author=1"},"uagb_comment_info":0,"uagb_excerpt":"glaas Advanced Analytics Suite Flexible Plattform f\u00fcr komfortable Analyse-Anwendungen glaas ist eine modular aufgebaute, flexibel erweiterbare und einheitlich verwaltete Software-Plattform [&hellip;]","_links":{"self":[{"href":"https:\/\/www.infopro-gmbh.de\/index.php?rest_route=\/wp\/v2\/pages\/146","targetHints":{"allow":["GET"]}}],"collection":[{"href":"https:\/\/www.infopro-gmbh.de\/index.php?rest_route=\/wp\/v2\/pages"}],"about":[{"href":"https:\/\/www.infopro-gmbh.de\/index.php?rest_route=\/wp\/v2\/types\/page"}],"author":[{"embeddable":true,"href":"https:\/\/www.infopro-gmbh.de\/index.php?rest_route=\/wp\/v2\/users\/1"}],"replies":[{"embeddable":true,"href":"https:\/\/www.infopro-gmbh.de\/index.php?rest_route=%2Fwp%2Fv2%2Fcomments&post=146"}],"version-history":[{"count":0,"href":"https:\/\/www.infopro-gmbh.de\/index.php?rest_route=\/wp\/v2\/pages\/146\/revisions"}],"wp:attachment":[{"href":"https:\/\/www.infopro-gmbh.de\/index.php?rest_route=%2Fwp%2Fv2%2Fmedia&parent=146"}],"wp:term":[{"taxonomy":"category","embeddable":true,"href":"https:\/\/www.infopro-gmbh.de\/index.php?rest_route=%2Fwp%2Fv2%2Fcategories&post=146"},{"taxonomy":"post_tag","embeddable":true,"href":"https:\/\/www.infopro-gmbh.de\/index.php?rest_route=%2Fwp%2Fv2%2Ftags&post=146"}],"curies":[{"name":"wp","href":"https:\/\/api.w.org\/{rel}","templated":true}]}}